{"id":992,"date":"2026-02-19T08:48:34","date_gmt":"2026-02-19T07:48:34","guid":{"rendered":"https:\/\/tanzosport.es\/?post_type=product&#038;p=992"},"modified":"2026-04-20T17:02:37","modified_gmt":"2026-04-20T15:02:37","slug":"barra-de-curl-z-120-cm","status":"publish","type":"product","link":"https:\/\/www.tanzosport.es\/?product=barra-de-curl-z-120-cm","title":{"rendered":"Barra de Curl Z 120 cm"},"content":{"rendered":"<p>Entrena al m\u00e1ximo con la barra Z Curl de 120 cm en cromo y negro<br \/>\nLa barra Z Curl destaca por su forma curvada especial, que te permite entrenar de forma espec\u00edfica grupos musculares concretos. Otra ventaja de su dise\u00f1o es la excelente sujeci\u00f3n que ofrece durante el entrenamiento, minimizando el riesgo de que se te escape de las manos, incluso si est\u00e1n sudadas.<\/p>\n<p>Detalles t\u00e9cnicos<br \/>\nDimensiones:<br \/>\nLargo: 120 cm<br \/>\nDi\u00e1metro: 30\/31 mm<br \/>\nLongitud de la zona de carga por lado: 18 cm<br \/>\nAncho interior de sujeci\u00f3n: 80 cm<br \/>\nCaracter\u00edsticas especiales:<br \/>\nSuperficie de adherencia antideslizante con moleado para mayor seguridad<br \/>\nIncluye 2 cierres de estrella para asegurar los pesos<br \/>\nCarga m\u00e1x: 180 kg<br \/>\nMaterial: acero cromado<br \/>\nPeso: 7 kg (8 kg incluyendo los cierres de estrella)<br \/>\nColor: cromo o negro<br \/>\n\u00bfQu\u00e9 saber sobre la barra Z Curl?<br \/>\nGracias al moletaje con marcas de uni\u00f3n, la barra se adapta perfectamente a sus manos en cada ejercicio. Destaca por su estabilidad y robustez, soportando incluso ca\u00eddas en el suelo despu\u00e9s de un intenso entrenamiento. Con un di\u00e1metro de 30mm, es compatible con todos los discos de pesos est\u00e1ndar.<\/p>\n","protected":false},"excerpt":{"rendered":"<p>Entrena al m\u00e1ximo con la barra Z Curl de 120 cm en cromo y negro La barra Z Curl destaca por su forma curvada especial, que te permite entrenar de forma espec\u00edfica grupos musculares concretos. Otra ventaja de su dise\u00f1o es la excelente sujeci\u00f3n que ofrece durante el entrenamiento, minimizando el riesgo de que se [&hellip;]<\/p>\n","protected":false},"featured_media":995,"comment_status":"open","ping_status":"closed","template":"","meta":[],"product_brand":[],"product_cat":[30],"product_tag":[32,58],"class_list":{"0":"post-992","1":"product","2":"type-product","3":"status-publish","4":"has-post-thumbnail","6":"product_cat-cat-mancuernas","7":"product_tag-barra","8":"product_tag-mancuernas","10":"first","11":"instock","12":"taxable","13":"shipping-taxable","14":"purchasable","15":"product-type-variable"},"yoast_head":"<!-- This site is optimized with the Yoast SEO plugin v27.4 - https:\/\/yoast.com\/product\/yoast-seo-wordpress\/ -->\n<title>Barra de Curl Z 120 cm - Tanzo Sport<\/title>\n<meta name=\"robots\" content=\"index, follow, max-snippet:-1, max-image-preview:large, max-video-preview:-1\" \/>\n<link rel=\"canonical\" href=\"https:\/\/tanzosport.es\/?product=barra-de-curl-z-120-cm\" \/>\n<meta property=\"og:locale\" content=\"es_ES\" \/>\n<meta property=\"og:type\" content=\"article\" \/>\n<meta property=\"og:title\" content=\"Barra de Curl Z 120 cm - Tanzo Sport\" \/>\n<meta property=\"og:description\" content=\"Entrena al m\u00e1ximo con la barra Z Curl de 120 cm en cromo y negro La barra Z Curl destaca por su forma curvada especial, que te permite entrenar de forma espec\u00edfica grupos musculares concretos. Otra ventaja de su dise\u00f1o es la excelente sujeci\u00f3n que ofrece durante el entrenamiento, minimizando el riesgo de que se [&hellip;]\" \/>\n<meta property=\"og:url\" content=\"https:\/\/tanzosport.es\/?product=barra-de-curl-z-120-cm\" \/>\n<meta property=\"og:site_name\" content=\"Tanzo Sport\" \/>\n<meta property=\"article:modified_time\" content=\"2026-04-20T15:02:37+00:00\" \/>\n<meta property=\"og:image\" content=\"https:\/\/tanzosport.es\/wp-content\/uploads\/2026\/02\/100068-00004-0062___P1_HP-copia.jpg\" \/>\n\t<meta property=\"og:image:width\" content=\"725\" \/>\n\t<meta property=\"og:image:height\" content=\"725\" \/>\n\t<meta property=\"og:image:type\" content=\"image\/jpeg\" \/>\n<meta name=\"twitter:card\" content=\"summary_large_image\" \/>\n<meta name=\"twitter:label1\" content=\"Tiempo de lectura\" \/>\n\t<meta name=\"twitter:data1\" content=\"2 minutos\" \/>\n<script type=\"application\/ld+json\" class=\"yoast-schema-graph\">{\"@context\":\"https:\\\/\\\/schema.org\",\"@graph\":[{\"@type\":\"WebPage\",\"@id\":\"https:\\\/\\\/tanzosport.es\\\/?product=barra-de-curl-z-120-cm\",\"url\":\"https:\\\/\\\/tanzosport.es\\\/?product=barra-de-curl-z-120-cm\",\"name\":\"Barra de Curl Z 120 cm - Tanzo Sport\",\"isPartOf\":{\"@id\":\"https:\\\/\\\/tanzosport.es\\\/#website\"},\"primaryImageOfPage\":{\"@id\":\"https:\\\/\\\/tanzosport.es\\\/?product=barra-de-curl-z-120-cm#primaryimage\"},\"image\":{\"@id\":\"https:\\\/\\\/tanzosport.es\\\/?product=barra-de-curl-z-120-cm#primaryimage\"},\"thumbnailUrl\":\"https:\\\/\\\/www.tanzosport.es\\\/wp-content\\\/uploads\\\/2026\\\/02\\\/100068-00004-0062___P1_HP-copia.jpg\",\"datePublished\":\"2026-02-19T07:48:34+00:00\",\"dateModified\":\"2026-04-20T15:02:37+00:00\",\"breadcrumb\":{\"@id\":\"https:\\\/\\\/tanzosport.es\\\/?product=barra-de-curl-z-120-cm#breadcrumb\"},\"inLanguage\":\"es\",\"potentialAction\":[{\"@type\":\"ReadAction\",\"target\":[\"https:\\\/\\\/tanzosport.es\\\/?product=barra-de-curl-z-120-cm\"]}]},{\"@type\":\"ImageObject\",\"inLanguage\":\"es\",\"@id\":\"https:\\\/\\\/tanzosport.es\\\/?product=barra-de-curl-z-120-cm#primaryimage\",\"url\":\"https:\\\/\\\/www.tanzosport.es\\\/wp-content\\\/uploads\\\/2026\\\/02\\\/100068-00004-0062___P1_HP-copia.jpg\",\"contentUrl\":\"https:\\\/\\\/www.tanzosport.es\\\/wp-content\\\/uploads\\\/2026\\\/02\\\/100068-00004-0062___P1_HP-copia.jpg\",\"width\":725,\"height\":725},{\"@type\":\"BreadcrumbList\",\"@id\":\"https:\\\/\\\/tanzosport.es\\\/?product=barra-de-curl-z-120-cm#breadcrumb\",\"itemListElement\":[{\"@type\":\"ListItem\",\"position\":1,\"name\":\"Portada\",\"item\":\"https:\\\/\\\/tanzosport.es\\\/\"},{\"@type\":\"ListItem\",\"position\":2,\"name\":\"Tienda\",\"item\":\"https:\\\/\\\/tanzosport.es\\\/?page_id=920\"},{\"@type\":\"ListItem\",\"position\":3,\"name\":\"Barra de Curl Z 120 cm\"}]},{\"@type\":\"WebSite\",\"@id\":\"https:\\\/\\\/tanzosport.es\\\/#website\",\"url\":\"https:\\\/\\\/tanzosport.es\\\/\",\"name\":\"Tanzo Sport\",\"description\":\"By Young\",\"publisher\":{\"@id\":\"https:\\\/\\\/tanzosport.es\\\/#organization\"},\"potentialAction\":[{\"@type\":\"SearchAction\",\"target\":{\"@type\":\"EntryPoint\",\"urlTemplate\":\"https:\\\/\\\/tanzosport.es\\\/?s={search_term_string}\"},\"query-input\":{\"@type\":\"PropertyValueSpecification\",\"valueRequired\":true,\"valueName\":\"search_term_string\"}}],\"inLanguage\":\"es\"},{\"@type\":\"Organization\",\"@id\":\"https:\\\/\\\/tanzosport.es\\\/#organization\",\"name\":\"Tanzo Sport\",\"url\":\"https:\\\/\\\/tanzosport.es\\\/\",\"logo\":{\"@type\":\"ImageObject\",\"inLanguage\":\"es\",\"@id\":\"https:\\\/\\\/tanzosport.es\\\/#\\\/schema\\\/logo\\\/image\\\/\",\"url\":\"https:\\\/\\\/www.tanzosport.es\\\/wp-content\\\/uploads\\\/2026\\\/01\\\/logo-sport-edited.png\",\"contentUrl\":\"https:\\\/\\\/www.tanzosport.es\\\/wp-content\\\/uploads\\\/2026\\\/01\\\/logo-sport-edited.png\",\"width\":648,\"height\":365,\"caption\":\"Tanzo Sport\"},\"image\":{\"@id\":\"https:\\\/\\\/tanzosport.es\\\/#\\\/schema\\\/logo\\\/image\\\/\"}}]}<\/script>\n<!-- \/ Yoast SEO plugin. -->","yoast_head_json":{"title":"Barra de Curl Z 120 cm - Tanzo Sport","robots":{"index":"index","follow":"follow","max-snippet":"max-snippet:-1","max-image-preview":"max-image-preview:large","max-video-preview":"max-video-preview:-1"},"canonical":"https:\/\/tanzosport.es\/?product=barra-de-curl-z-120-cm","og_locale":"es_ES","og_type":"article","og_title":"Barra de Curl Z 120 cm - Tanzo Sport","og_description":"Entrena al m\u00e1ximo con la barra Z Curl de 120 cm en cromo y negro La barra Z Curl destaca por su forma curvada especial, que te permite entrenar de forma espec\u00edfica grupos musculares concretos. Otra ventaja de su dise\u00f1o es la excelente sujeci\u00f3n que ofrece durante el entrenamiento, minimizando el riesgo de que se [&hellip;]","og_url":"https:\/\/tanzosport.es\/?product=barra-de-curl-z-120-cm","og_site_name":"Tanzo Sport","article_modified_time":"2026-04-20T15:02:37+00:00","og_image":[{"width":725,"height":725,"url":"https:\/\/tanzosport.es\/wp-content\/uploads\/2026\/02\/100068-00004-0062___P1_HP-copia.jpg","type":"image\/jpeg"}],"twitter_card":"summary_large_image","twitter_misc":{"Tiempo de lectura":"2 minutos"},"schema":{"@context":"https:\/\/schema.org","@graph":[{"@type":"WebPage","@id":"https:\/\/tanzosport.es\/?product=barra-de-curl-z-120-cm","url":"https:\/\/tanzosport.es\/?product=barra-de-curl-z-120-cm","name":"Barra de Curl Z 120 cm - Tanzo Sport","isPartOf":{"@id":"https:\/\/tanzosport.es\/#website"},"primaryImageOfPage":{"@id":"https:\/\/tanzosport.es\/?product=barra-de-curl-z-120-cm#primaryimage"},"image":{"@id":"https:\/\/tanzosport.es\/?product=barra-de-curl-z-120-cm#primaryimage"},"thumbnailUrl":"https:\/\/www.tanzosport.es\/wp-content\/uploads\/2026\/02\/100068-00004-0062___P1_HP-copia.jpg","datePublished":"2026-02-19T07:48:34+00:00","dateModified":"2026-04-20T15:02:37+00:00","breadcrumb":{"@id":"https:\/\/tanzosport.es\/?product=barra-de-curl-z-120-cm#breadcrumb"},"inLanguage":"es","potentialAction":[{"@type":"ReadAction","target":["https:\/\/tanzosport.es\/?product=barra-de-curl-z-120-cm"]}]},{"@type":"ImageObject","inLanguage":"es","@id":"https:\/\/tanzosport.es\/?product=barra-de-curl-z-120-cm#primaryimage","url":"https:\/\/www.tanzosport.es\/wp-content\/uploads\/2026\/02\/100068-00004-0062___P1_HP-copia.jpg","contentUrl":"https:\/\/www.tanzosport.es\/wp-content\/uploads\/2026\/02\/100068-00004-0062___P1_HP-copia.jpg","width":725,"height":725},{"@type":"BreadcrumbList","@id":"https:\/\/tanzosport.es\/?product=barra-de-curl-z-120-cm#breadcrumb","itemListElement":[{"@type":"ListItem","position":1,"name":"Portada","item":"https:\/\/tanzosport.es\/"},{"@type":"ListItem","position":2,"name":"Tienda","item":"https:\/\/tanzosport.es\/?page_id=920"},{"@type":"ListItem","position":3,"name":"Barra de Curl Z 120 cm"}]},{"@type":"WebSite","@id":"https:\/\/tanzosport.es\/#website","url":"https:\/\/tanzosport.es\/","name":"Tanzo Sport","description":"By Young","publisher":{"@id":"https:\/\/tanzosport.es\/#organization"},"potentialAction":[{"@type":"SearchAction","target":{"@type":"EntryPoint","urlTemplate":"https:\/\/tanzosport.es\/?s={search_term_string}"},"query-input":{"@type":"PropertyValueSpecification","valueRequired":true,"valueName":"search_term_string"}}],"inLanguage":"es"},{"@type":"Organization","@id":"https:\/\/tanzosport.es\/#organization","name":"Tanzo Sport","url":"https:\/\/tanzosport.es\/","logo":{"@type":"ImageObject","inLanguage":"es","@id":"https:\/\/tanzosport.es\/#\/schema\/logo\/image\/","url":"https:\/\/www.tanzosport.es\/wp-content\/uploads\/2026\/01\/logo-sport-edited.png","contentUrl":"https:\/\/www.tanzosport.es\/wp-content\/uploads\/2026\/01\/logo-sport-edited.png","width":648,"height":365,"caption":"Tanzo Sport"},"image":{"@id":"https:\/\/tanzosport.es\/#\/schema\/logo\/image\/"}}]}},"_links":{"self":[{"href":"https:\/\/www.tanzosport.es\/index.php?rest_route=\/wp\/v2\/product\/992","targetHints":{"allow":["GET"]}}],"collection":[{"href":"https:\/\/www.tanzosport.es\/index.php?rest_route=\/wp\/v2\/product"}],"about":[{"href":"https:\/\/www.tanzosport.es\/index.php?rest_route=\/wp\/v2\/types\/product"}],"replies":[{"embeddable":true,"href":"https:\/\/www.tanzosport.es\/index.php?rest_route=%2Fwp%2Fv2%2Fcomments&post=992"}],"version-history":[{"count":1,"href":"https:\/\/www.tanzosport.es\/index.php?rest_route=\/wp\/v2\/product\/992\/revisions"}],"predecessor-version":[{"id":2300,"href":"https:\/\/www.tanzosport.es\/index.php?rest_route=\/wp\/v2\/product\/992\/revisions\/2300"}],"wp:featuredmedia":[{"embeddable":true,"href":"https:\/\/www.tanzosport.es\/index.php?rest_route=\/wp\/v2\/media\/995"}],"wp:attachment":[{"href":"https:\/\/www.tanzosport.es\/index.php?rest_route=%2Fwp%2Fv2%2Fmedia&parent=992"}],"wp:term":[{"taxonomy":"product_brand","embeddable":true,"href":"https:\/\/www.tanzosport.es\/index.php?rest_route=%2Fwp%2Fv2%2Fproduct_brand&post=992"},{"taxonomy":"product_cat","embeddable":true,"href":"https:\/\/www.tanzosport.es\/index.php?rest_route=%2Fwp%2Fv2%2Fproduct_cat&post=992"},{"taxonomy":"product_tag","embeddable":true,"href":"https:\/\/www.tanzosport.es\/index.php?rest_route=%2Fwp%2Fv2%2Fproduct_tag&post=992"}],"curies":[{"name":"wp","href":"https:\/\/api.w.org\/{rel}","templated":true}]}}