{"id":932,"date":"2026-02-18T12:24:40","date_gmt":"2026-02-18T11:24:40","guid":{"rendered":"https:\/\/tanzosport.es\/?post_type=product&#038;p=932"},"modified":"2026-04-20T15:35:27","modified_gmt":"2026-04-20T13:35:27","slug":"disco-de-pesas-de-vinilo-125-15-kg","status":"publish","type":"product","link":"https:\/\/www.tanzosport.es\/?product=disco-de-pesas-de-vinilo-125-15-kg","title":{"rendered":"Disco de pesas de vinilo 1,25 -15kg"},"content":{"rendered":"<p>Discos de pesos de pl\u00e1stico: Silenciosos y resistentes<br \/>\nAl colocar varios discos, ya no escuchar\u00e1s el molesto ruido de las pesas chocando entre s\u00ed, gracias al recubrimiento de goma. Esto te permite entrenar en silencio, sin preocuparte por molestar a tus vecinos o familiares. Adem\u00e1s, el recubrimiento protege al suelo y los mismos discos de posibles da\u00f1os.<\/p>\n<p>No s\u00f3lo en la mayor\u00eda de gimnasios se utilizan discos de pesos de pl\u00e1stico, sino que tambi\u00e9n ofrecen grandes ventajas para el uso dom\u00e9stico. Son extremadamente silenciosos, lo que ayuda a mantener la armon\u00eda con tus vecinos y familiares. Adem\u00e1s, el pl\u00e1stico es un material muy duradero y amable con el suelo, evitando da\u00f1os y ara\u00f1azos.<\/p>\n<p>Entrena de forma flexible y personalizada con las diferentes opciones de discos de pesos de pl\u00e1stico de Gorilla Sports, adaptadas a tu nivel de entrenamiento y tus preferencias. \u00a1Aprovecha los beneficios y lleva tu rutina al siguiente nivel!<\/p>\n<p>Detalles t\u00e9cnicos:<br \/>\nDimensiones de los discos de pesos:<br \/>\n1,25 kg &#8211; di\u00e1metro: 16,5 cm | ancho: 3,3 cm<br \/>\n2,5 kg &#8211; di\u00e1metro: 21 cm | ancho: 4,3 cm<br \/>\n5 kg &#8211; di\u00e1metro: 25,5 cm | ancho: 5 cm<br \/>\n7,5 kg &#8211; di\u00e1metro: 29 cm | ancho: 5,3 cm<br \/>\n10 kg &#8211; di\u00e1metro: 33 cm | ancho: 5,7 cm<br \/>\n15 kg &#8211; di\u00e1metro: 41 cm | ancho: 7 cm<br \/>\nCaracter\u00edsticas especiales:<br \/>\n31 mm de di\u00e1metro interior, compatible con todas las barras est\u00e1ndar de 30 mm de di\u00e1metro<br \/>\nDise\u00f1o robusto y duradero para entrenamientos intensos<br \/>\nAbsorci\u00f3n de sonido y protecci\u00f3n del suelo, ideal para uso en casa o en el gimnasio<br \/>\nF\u00e1cil de limpiar gracias a la superficie de pl\u00e1stico resistente<br \/>\nMaterial: cemento con recubrimiento de pl\u00e1stico<br \/>\nColor: negro<\/p>\n","protected":false},"excerpt":{"rendered":"<ul>\n<li>Recubrimiento de goma para entrenamiento silencioso<br \/>\nProtege el suelo de da\u00f1os y ara\u00f1azos<br \/>\nDi\u00e1metro interior de 31 mm compatible con barras est\u00e1ndar<\/li>\n<\/ul>\n","protected":false},"featured_media":489,"comment_status":"open","ping_status":"closed","template":"","meta":[],"product_brand":[],"product_cat":[22],"product_tag":[60,61],"class_list":{"0":"post-932","1":"product","2":"type-product","3":"status-publish","4":"has-post-thumbnail","6":"product_cat-cat-discos_de_pesas","7":"product_tag-disco","8":"product_tag-vinilo","10":"first","11":"instock","12":"taxable","13":"shipping-taxable","14":"purchasable","15":"product-type-variable"},"yoast_head":"<!-- This site is optimized with the Yoast SEO plugin v27.4 - https:\/\/yoast.com\/product\/yoast-seo-wordpress\/ -->\n<title>Disco de pesas de vinilo 1,25 -15kg - Tanzo Sport<\/title>\n<meta name=\"robots\" content=\"index, follow, max-snippet:-1, max-image-preview:large, max-video-preview:-1\" \/>\n<link rel=\"canonical\" href=\"https:\/\/tanzosport.es\/?product=disco-de-pesas-de-vinilo-125-15-kg\" \/>\n<meta property=\"og:locale\" content=\"es_ES\" \/>\n<meta property=\"og:type\" content=\"article\" \/>\n<meta property=\"og:title\" content=\"Disco de pesas de vinilo 1,25 -15kg - Tanzo Sport\" \/>\n<meta property=\"og:description\" content=\"Recubrimiento de goma para entrenamiento silencioso Protege el suelo de da\u00f1os y ara\u00f1azos Di\u00e1metro interior de 31 mm compatible con barras est\u00e1ndar\" \/>\n<meta property=\"og:url\" content=\"https:\/\/tanzosport.es\/?product=disco-de-pesas-de-vinilo-125-15-kg\" \/>\n<meta property=\"og:site_name\" content=\"Tanzo Sport\" \/>\n<meta property=\"article:modified_time\" content=\"2026-04-20T13:35:27+00:00\" \/>\n<meta property=\"og:image\" content=\"https:\/\/tanzosport.es\/wp-content\/uploads\/2026\/02\/100547-00006-0005___P1_HP.webp\" \/>\n\t<meta property=\"og:image:width\" content=\"725\" \/>\n\t<meta property=\"og:image:height\" content=\"725\" \/>\n\t<meta property=\"og:image:type\" content=\"image\/webp\" \/>\n<meta name=\"twitter:card\" content=\"summary_large_image\" \/>\n<meta name=\"twitter:label1\" content=\"Tiempo de lectura\" \/>\n\t<meta name=\"twitter:data1\" content=\"2 minutos\" \/>\n<script type=\"application\/ld+json\" class=\"yoast-schema-graph\">{\"@context\":\"https:\\\/\\\/schema.org\",\"@graph\":[{\"@type\":\"WebPage\",\"@id\":\"https:\\\/\\\/tanzosport.es\\\/?product=disco-de-pesas-de-vinilo-125-15-kg\",\"url\":\"https:\\\/\\\/tanzosport.es\\\/?product=disco-de-pesas-de-vinilo-125-15-kg\",\"name\":\"Disco de pesas de vinilo 1,25 -15kg - Tanzo Sport\",\"isPartOf\":{\"@id\":\"https:\\\/\\\/tanzosport.es\\\/#website\"},\"primaryImageOfPage\":{\"@id\":\"https:\\\/\\\/tanzosport.es\\\/?product=disco-de-pesas-de-vinilo-125-15-kg#primaryimage\"},\"image\":{\"@id\":\"https:\\\/\\\/tanzosport.es\\\/?product=disco-de-pesas-de-vinilo-125-15-kg#primaryimage\"},\"thumbnailUrl\":\"https:\\\/\\\/www.tanzosport.es\\\/wp-content\\\/uploads\\\/2026\\\/02\\\/100547-00006-0005___P1_HP.webp\",\"datePublished\":\"2026-02-18T11:24:40+00:00\",\"dateModified\":\"2026-04-20T13:35:27+00:00\",\"breadcrumb\":{\"@id\":\"https:\\\/\\\/tanzosport.es\\\/?product=disco-de-pesas-de-vinilo-125-15-kg#breadcrumb\"},\"inLanguage\":\"es\",\"potentialAction\":[{\"@type\":\"ReadAction\",\"target\":[\"https:\\\/\\\/tanzosport.es\\\/?product=disco-de-pesas-de-vinilo-125-15-kg\"]}]},{\"@type\":\"ImageObject\",\"inLanguage\":\"es\",\"@id\":\"https:\\\/\\\/tanzosport.es\\\/?product=disco-de-pesas-de-vinilo-125-15-kg#primaryimage\",\"url\":\"https:\\\/\\\/www.tanzosport.es\\\/wp-content\\\/uploads\\\/2026\\\/02\\\/100547-00006-0005___P1_HP.webp\",\"contentUrl\":\"https:\\\/\\\/www.tanzosport.es\\\/wp-content\\\/uploads\\\/2026\\\/02\\\/100547-00006-0005___P1_HP.webp\",\"width\":725,\"height\":725},{\"@type\":\"BreadcrumbList\",\"@id\":\"https:\\\/\\\/tanzosport.es\\\/?product=disco-de-pesas-de-vinilo-125-15-kg#breadcrumb\",\"itemListElement\":[{\"@type\":\"ListItem\",\"position\":1,\"name\":\"Portada\",\"item\":\"https:\\\/\\\/tanzosport.es\\\/\"},{\"@type\":\"ListItem\",\"position\":2,\"name\":\"Tienda\",\"item\":\"https:\\\/\\\/tanzosport.es\\\/?page_id=920\"},{\"@type\":\"ListItem\",\"position\":3,\"name\":\"Disco de pesas de vinilo 1,25 -15kg\"}]},{\"@type\":\"WebSite\",\"@id\":\"https:\\\/\\\/tanzosport.es\\\/#website\",\"url\":\"https:\\\/\\\/tanzosport.es\\\/\",\"name\":\"Tanzo Sport\",\"description\":\"By Young\",\"publisher\":{\"@id\":\"https:\\\/\\\/tanzosport.es\\\/#organization\"},\"potentialAction\":[{\"@type\":\"SearchAction\",\"target\":{\"@type\":\"EntryPoint\",\"urlTemplate\":\"https:\\\/\\\/tanzosport.es\\\/?s={search_term_string}\"},\"query-input\":{\"@type\":\"PropertyValueSpecification\",\"valueRequired\":true,\"valueName\":\"search_term_string\"}}],\"inLanguage\":\"es\"},{\"@type\":\"Organization\",\"@id\":\"https:\\\/\\\/tanzosport.es\\\/#organization\",\"name\":\"Tanzo Sport\",\"url\":\"https:\\\/\\\/tanzosport.es\\\/\",\"logo\":{\"@type\":\"ImageObject\",\"inLanguage\":\"es\",\"@id\":\"https:\\\/\\\/tanzosport.es\\\/#\\\/schema\\\/logo\\\/image\\\/\",\"url\":\"https:\\\/\\\/www.tanzosport.es\\\/wp-content\\\/uploads\\\/2026\\\/01\\\/logo-sport-edited.png\",\"contentUrl\":\"https:\\\/\\\/www.tanzosport.es\\\/wp-content\\\/uploads\\\/2026\\\/01\\\/logo-sport-edited.png\",\"width\":648,\"height\":365,\"caption\":\"Tanzo Sport\"},\"image\":{\"@id\":\"https:\\\/\\\/tanzosport.es\\\/#\\\/schema\\\/logo\\\/image\\\/\"}}]}<\/script>\n<!-- \/ Yoast SEO plugin. -->","yoast_head_json":{"title":"Disco de pesas de vinilo 1,25 -15kg - Tanzo Sport","robots":{"index":"index","follow":"follow","max-snippet":"max-snippet:-1","max-image-preview":"max-image-preview:large","max-video-preview":"max-video-preview:-1"},"canonical":"https:\/\/tanzosport.es\/?product=disco-de-pesas-de-vinilo-125-15-kg","og_locale":"es_ES","og_type":"article","og_title":"Disco de pesas de vinilo 1,25 -15kg - Tanzo Sport","og_description":"Recubrimiento de goma para entrenamiento silencioso Protege el suelo de da\u00f1os y ara\u00f1azos Di\u00e1metro interior de 31 mm compatible con barras est\u00e1ndar","og_url":"https:\/\/tanzosport.es\/?product=disco-de-pesas-de-vinilo-125-15-kg","og_site_name":"Tanzo Sport","article_modified_time":"2026-04-20T13:35:27+00:00","og_image":[{"width":725,"height":725,"url":"https:\/\/tanzosport.es\/wp-content\/uploads\/2026\/02\/100547-00006-0005___P1_HP.webp","type":"image\/webp"}],"twitter_card":"summary_large_image","twitter_misc":{"Tiempo de lectura":"2 minutos"},"schema":{"@context":"https:\/\/schema.org","@graph":[{"@type":"WebPage","@id":"https:\/\/tanzosport.es\/?product=disco-de-pesas-de-vinilo-125-15-kg","url":"https:\/\/tanzosport.es\/?product=disco-de-pesas-de-vinilo-125-15-kg","name":"Disco de pesas de vinilo 1,25 -15kg - Tanzo Sport","isPartOf":{"@id":"https:\/\/tanzosport.es\/#website"},"primaryImageOfPage":{"@id":"https:\/\/tanzosport.es\/?product=disco-de-pesas-de-vinilo-125-15-kg#primaryimage"},"image":{"@id":"https:\/\/tanzosport.es\/?product=disco-de-pesas-de-vinilo-125-15-kg#primaryimage"},"thumbnailUrl":"https:\/\/www.tanzosport.es\/wp-content\/uploads\/2026\/02\/100547-00006-0005___P1_HP.webp","datePublished":"2026-02-18T11:24:40+00:00","dateModified":"2026-04-20T13:35:27+00:00","breadcrumb":{"@id":"https:\/\/tanzosport.es\/?product=disco-de-pesas-de-vinilo-125-15-kg#breadcrumb"},"inLanguage":"es","potentialAction":[{"@type":"ReadAction","target":["https:\/\/tanzosport.es\/?product=disco-de-pesas-de-vinilo-125-15-kg"]}]},{"@type":"ImageObject","inLanguage":"es","@id":"https:\/\/tanzosport.es\/?product=disco-de-pesas-de-vinilo-125-15-kg#primaryimage","url":"https:\/\/www.tanzosport.es\/wp-content\/uploads\/2026\/02\/100547-00006-0005___P1_HP.webp","contentUrl":"https:\/\/www.tanzosport.es\/wp-content\/uploads\/2026\/02\/100547-00006-0005___P1_HP.webp","width":725,"height":725},{"@type":"BreadcrumbList","@id":"https:\/\/tanzosport.es\/?product=disco-de-pesas-de-vinilo-125-15-kg#breadcrumb","itemListElement":[{"@type":"ListItem","position":1,"name":"Portada","item":"https:\/\/tanzosport.es\/"},{"@type":"ListItem","position":2,"name":"Tienda","item":"https:\/\/tanzosport.es\/?page_id=920"},{"@type":"ListItem","position":3,"name":"Disco de pesas de vinilo 1,25 -15kg"}]},{"@type":"WebSite","@id":"https:\/\/tanzosport.es\/#website","url":"https:\/\/tanzosport.es\/","name":"Tanzo Sport","description":"By Young","publisher":{"@id":"https:\/\/tanzosport.es\/#organization"},"potentialAction":[{"@type":"SearchAction","target":{"@type":"EntryPoint","urlTemplate":"https:\/\/tanzosport.es\/?s={search_term_string}"},"query-input":{"@type":"PropertyValueSpecification","valueRequired":true,"valueName":"search_term_string"}}],"inLanguage":"es"},{"@type":"Organization","@id":"https:\/\/tanzosport.es\/#organization","name":"Tanzo Sport","url":"https:\/\/tanzosport.es\/","logo":{"@type":"ImageObject","inLanguage":"es","@id":"https:\/\/tanzosport.es\/#\/schema\/logo\/image\/","url":"https:\/\/www.tanzosport.es\/wp-content\/uploads\/2026\/01\/logo-sport-edited.png","contentUrl":"https:\/\/www.tanzosport.es\/wp-content\/uploads\/2026\/01\/logo-sport-edited.png","width":648,"height":365,"caption":"Tanzo Sport"},"image":{"@id":"https:\/\/tanzosport.es\/#\/schema\/logo\/image\/"}}]}},"_links":{"self":[{"href":"https:\/\/www.tanzosport.es\/index.php?rest_route=\/wp\/v2\/product\/932","targetHints":{"allow":["GET"]}}],"collection":[{"href":"https:\/\/www.tanzosport.es\/index.php?rest_route=\/wp\/v2\/product"}],"about":[{"href":"https:\/\/www.tanzosport.es\/index.php?rest_route=\/wp\/v2\/types\/product"}],"replies":[{"embeddable":true,"href":"https:\/\/www.tanzosport.es\/index.php?rest_route=%2Fwp%2Fv2%2Fcomments&post=932"}],"version-history":[{"count":2,"href":"https:\/\/www.tanzosport.es\/index.php?rest_route=\/wp\/v2\/product\/932\/revisions"}],"predecessor-version":[{"id":2457,"href":"https:\/\/www.tanzosport.es\/index.php?rest_route=\/wp\/v2\/product\/932\/revisions\/2457"}],"wp:featuredmedia":[{"embeddable":true,"href":"https:\/\/www.tanzosport.es\/index.php?rest_route=\/wp\/v2\/media\/489"}],"wp:attachment":[{"href":"https:\/\/www.tanzosport.es\/index.php?rest_route=%2Fwp%2Fv2%2Fmedia&parent=932"}],"wp:term":[{"taxonomy":"product_brand","embeddable":true,"href":"https:\/\/www.tanzosport.es\/index.php?rest_route=%2Fwp%2Fv2%2Fproduct_brand&post=932"},{"taxonomy":"product_cat","embeddable":true,"href":"https:\/\/www.tanzosport.es\/index.php?rest_route=%2Fwp%2Fv2%2Fproduct_cat&post=932"},{"taxonomy":"product_tag","embeddable":true,"href":"https:\/\/www.tanzosport.es\/index.php?rest_route=%2Fwp%2Fv2%2Fproduct_tag&post=932"}],"curies":[{"name":"wp","href":"https:\/\/api.w.org\/{rel}","templated":true}]}}