{"id":2492,"date":"2026-04-20T18:07:42","date_gmt":"2026-04-20T16:07:42","guid":{"rendered":"https:\/\/tanzosport.es\/?post_type=product&#038;p=2492"},"modified":"2026-04-20T18:07:42","modified_gmt":"2026-04-20T16:07:42","slug":"barra-de-pesas-150-cm-muelle","status":"publish","type":"product","link":"https:\/\/www.tanzosport.es\/?product=barra-de-pesas-150-cm-muelle","title":{"rendered":"Barra de Pesas 150 cm (muelle)"},"content":{"rendered":"<p style=\"font-weight: 400;\">Con la barra de\u00a0\u00a0musculaci\u00f3n cromada de 150 cm, podr\u00e1s entrenar c\u00f3modamente en cualquier lugar donde una barra de longitud est\u00e1ndar de 150 cm resulte inc\u00f3moda. \u00dasala en un banco de pesas con soporte estrecho o en ejercicios libres sin banco. Fortalece tus hombros, brazos y espalda de manera eficiente. La barra de pesas cromada de 150 cm incluye cierres de resorte pr\u00e1cticos para asegurar los discos de pesas. Este dise\u00f1o te permite cambiar las pesas r\u00e1pidamente sin necesidad de atornillar o ajustar. La barra tiene un agarre estriado para proporcionar un sujeci\u00f3n segura. El di\u00e1metro de la zona de carga es de 30 mm, compatible con todos los discos de pesas con un di\u00e1metro de agujero de 31 mm. Adem\u00e1s, esta barra es ideal para sentadillas.<\/p>\n<h3>Detalles t\u00e9cnicos:<\/h3>\n<ul style=\"font-weight: 400;\">\n<li>Dimensiones:\n<ul>\n<li>Longitud: 150 cm<\/li>\n<\/ul>\n<\/li>\n<li>Caracter\u00edsticas especiales:\n<ul>\n<li>Agarre estriado para m\u00e1xima seguridad y control durante el ejercicio<\/li>\n<li>Cierres de resorte para un cambio r\u00e1pido y sencillo de discos<\/li>\n<li>Compatibilidad con discos de 31 mm de di\u00e1metro<\/li>\n<\/ul>\n<\/li>\n<li>Material: acero s\u00f3lido recubierto con cromo<\/li>\n<li>Informaci\u00f3n adicional:\n<ul>\n<li>Marcas en la barra para garantizar una colocaci\u00f3n correcta de los discos de pesas<\/li>\n<li>Cierres de resorte incluidos para asegurar los discos de manera r\u00e1pida y segura<\/li>\n<\/ul>\n<\/li>\n<li>Color: plateado (cromo brillante)<\/li>\n<\/ul>\n","protected":false},"excerpt":{"rendered":"<ul>\n<li>Barra cromada de 150 cm con agarre estriado para mayor control<\/li>\n<li>Incluye cierres de resorte para un cambio r\u00e1pido de discos<\/li>\n<li>Di\u00e1metro de 30 mm, compatible con discos de 31 mm<\/li>\n<li>Ideal para ejercicios libres o con banco de soporte estrecho<\/li>\n<\/ul>\n","protected":false},"featured_media":2494,"comment_status":"open","ping_status":"closed","template":"","meta":[],"product_brand":[],"product_cat":[30],"product_tag":[32,58],"class_list":{"0":"post-2492","1":"product","2":"type-product","3":"status-publish","4":"has-post-thumbnail","6":"product_cat-cat-mancuernas","7":"product_tag-barra","8":"product_tag-mancuernas","10":"first","11":"instock","12":"taxable","13":"shipping-taxable","14":"purchasable","15":"product-type-simple"},"yoast_head":"<!-- This site is optimized with the Yoast SEO plugin v27.4 - https:\/\/yoast.com\/product\/yoast-seo-wordpress\/ -->\n<title>Barra de Pesas 150 cm (muelle) - Tanzo Sport<\/title>\n<meta name=\"robots\" content=\"index, follow, max-snippet:-1, max-image-preview:large, max-video-preview:-1\" \/>\n<link rel=\"canonical\" href=\"https:\/\/tanzosport.es\/?product=barra-de-pesas-150-cm-muelle\" \/>\n<meta property=\"og:locale\" content=\"es_ES\" \/>\n<meta property=\"og:type\" content=\"article\" \/>\n<meta property=\"og:title\" content=\"Barra de Pesas 150 cm (muelle) - Tanzo Sport\" \/>\n<meta property=\"og:description\" content=\"Barra cromada de 150 cm con agarre estriado para mayor control  Incluye cierres de resorte para un cambio r\u00e1pido de discos  Di\u00e1metro de 30 mm, compatible con discos de 31 mm  Ideal para ejercicios libres o con banco de soporte estrecho\" \/>\n<meta property=\"og:url\" content=\"https:\/\/tanzosport.es\/?product=barra-de-pesas-150-cm-muelle\" \/>\n<meta property=\"og:site_name\" content=\"Tanzo Sport\" \/>\n<meta property=\"og:image\" content=\"https:\/\/tanzosport.es\/wp-content\/uploads\/2026\/04\/barra-150.jpg\" \/>\n\t<meta property=\"og:image:width\" content=\"725\" \/>\n\t<meta property=\"og:image:height\" content=\"725\" \/>\n\t<meta property=\"og:image:type\" content=\"image\/jpeg\" \/>\n<meta name=\"twitter:card\" content=\"summary_large_image\" \/>\n<meta name=\"twitter:label1\" content=\"Tiempo de lectura\" \/>\n\t<meta name=\"twitter:data1\" content=\"2 minutos\" \/>\n<script type=\"application\/ld+json\" class=\"yoast-schema-graph\">{\"@context\":\"https:\\\/\\\/schema.org\",\"@graph\":[{\"@type\":\"WebPage\",\"@id\":\"https:\\\/\\\/tanzosport.es\\\/?product=barra-de-pesas-150-cm-muelle\",\"url\":\"https:\\\/\\\/tanzosport.es\\\/?product=barra-de-pesas-150-cm-muelle\",\"name\":\"Barra de Pesas 150 cm (muelle) - Tanzo Sport\",\"isPartOf\":{\"@id\":\"https:\\\/\\\/tanzosport.es\\\/#website\"},\"primaryImageOfPage\":{\"@id\":\"https:\\\/\\\/tanzosport.es\\\/?product=barra-de-pesas-150-cm-muelle#primaryimage\"},\"image\":{\"@id\":\"https:\\\/\\\/tanzosport.es\\\/?product=barra-de-pesas-150-cm-muelle#primaryimage\"},\"thumbnailUrl\":\"https:\\\/\\\/www.tanzosport.es\\\/wp-content\\\/uploads\\\/2026\\\/04\\\/barra-150.jpg\",\"datePublished\":\"2026-04-20T16:07:42+00:00\",\"breadcrumb\":{\"@id\":\"https:\\\/\\\/tanzosport.es\\\/?product=barra-de-pesas-150-cm-muelle#breadcrumb\"},\"inLanguage\":\"es\",\"potentialAction\":[{\"@type\":\"ReadAction\",\"target\":[\"https:\\\/\\\/tanzosport.es\\\/?product=barra-de-pesas-150-cm-muelle\"]}]},{\"@type\":\"ImageObject\",\"inLanguage\":\"es\",\"@id\":\"https:\\\/\\\/tanzosport.es\\\/?product=barra-de-pesas-150-cm-muelle#primaryimage\",\"url\":\"https:\\\/\\\/www.tanzosport.es\\\/wp-content\\\/uploads\\\/2026\\\/04\\\/barra-150.jpg\",\"contentUrl\":\"https:\\\/\\\/www.tanzosport.es\\\/wp-content\\\/uploads\\\/2026\\\/04\\\/barra-150.jpg\",\"width\":725,\"height\":725},{\"@type\":\"BreadcrumbList\",\"@id\":\"https:\\\/\\\/tanzosport.es\\\/?product=barra-de-pesas-150-cm-muelle#breadcrumb\",\"itemListElement\":[{\"@type\":\"ListItem\",\"position\":1,\"name\":\"Portada\",\"item\":\"https:\\\/\\\/tanzosport.es\\\/\"},{\"@type\":\"ListItem\",\"position\":2,\"name\":\"Tienda\",\"item\":\"https:\\\/\\\/tanzosport.es\\\/?page_id=920\"},{\"@type\":\"ListItem\",\"position\":3,\"name\":\"Barra de Pesas 150 cm (muelle)\"}]},{\"@type\":\"WebSite\",\"@id\":\"https:\\\/\\\/tanzosport.es\\\/#website\",\"url\":\"https:\\\/\\\/tanzosport.es\\\/\",\"name\":\"Tanzo Sport\",\"description\":\"By Young\",\"publisher\":{\"@id\":\"https:\\\/\\\/tanzosport.es\\\/#organization\"},\"potentialAction\":[{\"@type\":\"SearchAction\",\"target\":{\"@type\":\"EntryPoint\",\"urlTemplate\":\"https:\\\/\\\/tanzosport.es\\\/?s={search_term_string}\"},\"query-input\":{\"@type\":\"PropertyValueSpecification\",\"valueRequired\":true,\"valueName\":\"search_term_string\"}}],\"inLanguage\":\"es\"},{\"@type\":\"Organization\",\"@id\":\"https:\\\/\\\/tanzosport.es\\\/#organization\",\"name\":\"Tanzo Sport\",\"url\":\"https:\\\/\\\/tanzosport.es\\\/\",\"logo\":{\"@type\":\"ImageObject\",\"inLanguage\":\"es\",\"@id\":\"https:\\\/\\\/tanzosport.es\\\/#\\\/schema\\\/logo\\\/image\\\/\",\"url\":\"https:\\\/\\\/www.tanzosport.es\\\/wp-content\\\/uploads\\\/2026\\\/01\\\/logo-sport-edited.png\",\"contentUrl\":\"https:\\\/\\\/www.tanzosport.es\\\/wp-content\\\/uploads\\\/2026\\\/01\\\/logo-sport-edited.png\",\"width\":648,\"height\":365,\"caption\":\"Tanzo Sport\"},\"image\":{\"@id\":\"https:\\\/\\\/tanzosport.es\\\/#\\\/schema\\\/logo\\\/image\\\/\"}}]}<\/script>\n<!-- \/ Yoast SEO plugin. -->","yoast_head_json":{"title":"Barra de Pesas 150 cm (muelle) - Tanzo Sport","robots":{"index":"index","follow":"follow","max-snippet":"max-snippet:-1","max-image-preview":"max-image-preview:large","max-video-preview":"max-video-preview:-1"},"canonical":"https:\/\/tanzosport.es\/?product=barra-de-pesas-150-cm-muelle","og_locale":"es_ES","og_type":"article","og_title":"Barra de Pesas 150 cm (muelle) - Tanzo Sport","og_description":"Barra cromada de 150 cm con agarre estriado para mayor control  Incluye cierres de resorte para un cambio r\u00e1pido de discos  Di\u00e1metro de 30 mm, compatible con discos de 31 mm  Ideal para ejercicios libres o con banco de soporte estrecho","og_url":"https:\/\/tanzosport.es\/?product=barra-de-pesas-150-cm-muelle","og_site_name":"Tanzo Sport","og_image":[{"width":725,"height":725,"url":"https:\/\/tanzosport.es\/wp-content\/uploads\/2026\/04\/barra-150.jpg","type":"image\/jpeg"}],"twitter_card":"summary_large_image","twitter_misc":{"Tiempo de lectura":"2 minutos"},"schema":{"@context":"https:\/\/schema.org","@graph":[{"@type":"WebPage","@id":"https:\/\/tanzosport.es\/?product=barra-de-pesas-150-cm-muelle","url":"https:\/\/tanzosport.es\/?product=barra-de-pesas-150-cm-muelle","name":"Barra de Pesas 150 cm (muelle) - Tanzo Sport","isPartOf":{"@id":"https:\/\/tanzosport.es\/#website"},"primaryImageOfPage":{"@id":"https:\/\/tanzosport.es\/?product=barra-de-pesas-150-cm-muelle#primaryimage"},"image":{"@id":"https:\/\/tanzosport.es\/?product=barra-de-pesas-150-cm-muelle#primaryimage"},"thumbnailUrl":"https:\/\/www.tanzosport.es\/wp-content\/uploads\/2026\/04\/barra-150.jpg","datePublished":"2026-04-20T16:07:42+00:00","breadcrumb":{"@id":"https:\/\/tanzosport.es\/?product=barra-de-pesas-150-cm-muelle#breadcrumb"},"inLanguage":"es","potentialAction":[{"@type":"ReadAction","target":["https:\/\/tanzosport.es\/?product=barra-de-pesas-150-cm-muelle"]}]},{"@type":"ImageObject","inLanguage":"es","@id":"https:\/\/tanzosport.es\/?product=barra-de-pesas-150-cm-muelle#primaryimage","url":"https:\/\/www.tanzosport.es\/wp-content\/uploads\/2026\/04\/barra-150.jpg","contentUrl":"https:\/\/www.tanzosport.es\/wp-content\/uploads\/2026\/04\/barra-150.jpg","width":725,"height":725},{"@type":"BreadcrumbList","@id":"https:\/\/tanzosport.es\/?product=barra-de-pesas-150-cm-muelle#breadcrumb","itemListElement":[{"@type":"ListItem","position":1,"name":"Portada","item":"https:\/\/tanzosport.es\/"},{"@type":"ListItem","position":2,"name":"Tienda","item":"https:\/\/tanzosport.es\/?page_id=920"},{"@type":"ListItem","position":3,"name":"Barra de Pesas 150 cm (muelle)"}]},{"@type":"WebSite","@id":"https:\/\/tanzosport.es\/#website","url":"https:\/\/tanzosport.es\/","name":"Tanzo Sport","description":"By Young","publisher":{"@id":"https:\/\/tanzosport.es\/#organization"},"potentialAction":[{"@type":"SearchAction","target":{"@type":"EntryPoint","urlTemplate":"https:\/\/tanzosport.es\/?s={search_term_string}"},"query-input":{"@type":"PropertyValueSpecification","valueRequired":true,"valueName":"search_term_string"}}],"inLanguage":"es"},{"@type":"Organization","@id":"https:\/\/tanzosport.es\/#organization","name":"Tanzo Sport","url":"https:\/\/tanzosport.es\/","logo":{"@type":"ImageObject","inLanguage":"es","@id":"https:\/\/tanzosport.es\/#\/schema\/logo\/image\/","url":"https:\/\/www.tanzosport.es\/wp-content\/uploads\/2026\/01\/logo-sport-edited.png","contentUrl":"https:\/\/www.tanzosport.es\/wp-content\/uploads\/2026\/01\/logo-sport-edited.png","width":648,"height":365,"caption":"Tanzo Sport"},"image":{"@id":"https:\/\/tanzosport.es\/#\/schema\/logo\/image\/"}}]}},"_links":{"self":[{"href":"https:\/\/www.tanzosport.es\/index.php?rest_route=\/wp\/v2\/product\/2492","targetHints":{"allow":["GET"]}}],"collection":[{"href":"https:\/\/www.tanzosport.es\/index.php?rest_route=\/wp\/v2\/product"}],"about":[{"href":"https:\/\/www.tanzosport.es\/index.php?rest_route=\/wp\/v2\/types\/product"}],"replies":[{"embeddable":true,"href":"https:\/\/www.tanzosport.es\/index.php?rest_route=%2Fwp%2Fv2%2Fcomments&post=2492"}],"version-history":[{"count":1,"href":"https:\/\/www.tanzosport.es\/index.php?rest_route=\/wp\/v2\/product\/2492\/revisions"}],"predecessor-version":[{"id":2495,"href":"https:\/\/www.tanzosport.es\/index.php?rest_route=\/wp\/v2\/product\/2492\/revisions\/2495"}],"wp:featuredmedia":[{"embeddable":true,"href":"https:\/\/www.tanzosport.es\/index.php?rest_route=\/wp\/v2\/media\/2494"}],"wp:attachment":[{"href":"https:\/\/www.tanzosport.es\/index.php?rest_route=%2Fwp%2Fv2%2Fmedia&parent=2492"}],"wp:term":[{"taxonomy":"product_brand","embeddable":true,"href":"https:\/\/www.tanzosport.es\/index.php?rest_route=%2Fwp%2Fv2%2Fproduct_brand&post=2492"},{"taxonomy":"product_cat","embeddable":true,"href":"https:\/\/www.tanzosport.es\/index.php?rest_route=%2Fwp%2Fv2%2Fproduct_cat&post=2492"},{"taxonomy":"product_tag","embeddable":true,"href":"https:\/\/www.tanzosport.es\/index.php?rest_route=%2Fwp%2Fv2%2Fproduct_tag&post=2492"}],"curies":[{"name":"wp","href":"https:\/\/api.w.org\/{rel}","templated":true}]}}