{"id":1275,"date":"2026-03-03T10:27:13","date_gmt":"2026-03-03T09:27:13","guid":{"rendered":"https:\/\/tanzosport.es\/?page_id=1275"},"modified":"2026-03-19T16:26:20","modified_gmt":"2026-03-19T15:26:20","slug":"politica-denviaments-i-recollida","status":"publish","type":"page","link":"https:\/\/www.tanzosport.es\/?page_id=1275","title":{"rendered":"Pol\u00edtica d\u2019Enviaments i Recollida"},"content":{"rendered":"\t\t<div data-elementor-type=\"wp-page\" data-elementor-id=\"1275\" class=\"elementor elementor-1275\">\n\t\t\t\t<div class=\"elementor-element elementor-element-14304eef e-flex e-con-boxed e-con e-parent\" data-id=\"14304eef\" data-element_type=\"container\" data-e-type=\"container\">\n\t\t\t\t\t<div class=\"e-con-inner\">\n\t\t\t\t<div class=\"elementor-element elementor-element-12cb809e elementor-widget elementor-widget-text-editor\" data-id=\"12cb809e\" data-element_type=\"widget\" data-e-type=\"widget\" data-widget_type=\"text-editor.default\">\n\t\t\t\t\t\t\t\t\t\n<p class=\"has-x-large-font-size\"><strong>Pol\u00edtica de Env\u00edos y Recogida<\/strong><\/p>\n\n<div class=\"wp-block-spacer\" style=\"height: 6px;\" aria-hidden=\"true\">\u00a0<\/div>\n\n<p class=\"has-medium-font-size\"><strong>Disponibilidad del producto:<\/strong><br \/>Nuestros productos s\u00f3lo pueden adquirirse a trav\u00e9s de nuestros puntos de recogida locales. No ofrecemos env\u00edos a domicilio, asegurando as\u00ed una experiencia m\u00e1s \u00e1gil y segura para el cliente.<\/p>\n\n<div class=\"wp-block-spacer\" style=\"height: 25px;\" aria-hidden=\"true\">\u00a0<\/div>\n<hr class=\"wp-block-separator has-alpha-channel-opacity is-style-wide\" \/>\n<div class=\"wp-block-spacer\" style=\"height: 25px;\" aria-hidden=\"true\">\u00a0<\/div>\n\n<p class=\"has-large-font-size\">\ud83d\udccd<strong>Como funciona la recogida:<\/strong><\/p>\n\n<ol class=\"wp-block-list\">\n<li>Seleccione el producto que desee en nuestra web y finalice la compra.<\/li>\n\n<li>Elija el punto de recogida local que le sea m\u00e1s c\u00f3modo.<\/li>\n\n<li>Quedar\u00e1 con el personal para conseguir el producto.<\/li>\n\n<li>El personal del punto de recogida le entregar\u00e1 su producto en cuesti\u00f3n de pocos minutos.<\/li>\n<\/ol>\n\n<div class=\"wp-block-spacer\" style=\"height: 25px;\" aria-hidden=\"true\">\u00a0<\/div>\n<hr class=\"wp-block-separator has-alpha-channel-opacity is-style-wide\" \/>\n<div class=\"wp-block-spacer\" style=\"height: 25px;\" aria-hidden=\"true\">\u00a0<\/div>\n\n<p class=\"has-large-font-size\">\ud83d\uded2<strong>Terminos de entrega<\/strong><\/p>\n\n<p>Tendr\u00e1s que acordar un d\u00eda y una hora con el personal, para recoger el producto, cuando hagas la compra se te adjuntar\u00e1 un n\u00famero de tel\u00e9fono para acordar un d\u00eda y una hora de quedara.<\/p>\n\n<div class=\"wp-block-spacer\" style=\"height: 25px;\" aria-hidden=\"true\">\u00a0<\/div>\n\n<p>\u00a0<\/p>\n\t\t\t\t\t\t\t\t<\/div>\n\t\t\t\t\t<\/div>\n\t\t\t\t<\/div>\n\t\t\t\t<\/div>\n\t\t","protected":false},"excerpt":{"rendered":"<p>Pol\u00edtica de Env\u00edos y Recogida Disponibilidad del producto:Nuestros productos s\u00f3lo pueden adquirirse a trav\u00e9s de nuestros puntos de recogida locales. No ofrecemos env\u00edos a domicilio, asegurando as\u00ed una experiencia m\u00e1s \u00e1gil y segura para el cliente. \ud83d\udccdComo funciona la recogida: \ud83d\uded2Terminos de entrega Tendr\u00e1s que acordar un d\u00eda y una hora con el personal, para [&hellip;]<\/p>\n","protected":false},"author":1,"featured_media":0,"parent":0,"menu_order":0,"comment_status":"closed","ping_status":"closed","template":"","meta":{"footnotes":""},"class_list":["post-1275","page","type-page","status-publish","hentry"],"yoast_head":"<!-- This site is optimized with the Yoast SEO plugin v27.4 - https:\/\/yoast.com\/product\/yoast-seo-wordpress\/ -->\n<title>Pol\u00edtica d\u2019Enviaments i Recollida - Tanzo Sport<\/title>\n<meta name=\"robots\" content=\"index, follow, max-snippet:-1, max-image-preview:large, max-video-preview:-1\" \/>\n<link rel=\"canonical\" href=\"https:\/\/tanzosport.es\/?page_id=1275\" \/>\n<meta property=\"og:locale\" content=\"es_ES\" \/>\n<meta property=\"og:type\" content=\"article\" \/>\n<meta property=\"og:title\" content=\"Pol\u00edtica d\u2019Enviaments i Recollida - Tanzo Sport\" \/>\n<meta property=\"og:description\" content=\"Pol\u00edtica de Env\u00edos y Recogida Disponibilidad del producto:Nuestros productos s\u00f3lo pueden adquirirse a trav\u00e9s de nuestros puntos de recogida locales. No ofrecemos env\u00edos a domicilio, asegurando as\u00ed una experiencia m\u00e1s \u00e1gil y segura para el cliente. \ud83d\udccdComo funciona la recogida: \ud83d\uded2Terminos de entrega Tendr\u00e1s que acordar un d\u00eda y una hora con el personal, para [&hellip;]\" \/>\n<meta property=\"og:url\" content=\"https:\/\/tanzosport.es\/?page_id=1275\" \/>\n<meta property=\"og:site_name\" content=\"Tanzo Sport\" \/>\n<meta property=\"article:modified_time\" content=\"2026-03-19T15:26:20+00:00\" \/>\n<meta name=\"twitter:card\" content=\"summary_large_image\" \/>\n<meta name=\"twitter:label1\" content=\"Tiempo de lectura\" \/>\n\t<meta name=\"twitter:data1\" content=\"1 minuto\" \/>\n<script type=\"application\/ld+json\" class=\"yoast-schema-graph\">{\"@context\":\"https:\\\/\\\/schema.org\",\"@graph\":[{\"@type\":\"WebPage\",\"@id\":\"https:\\\/\\\/tanzosport.es\\\/?page_id=1275\",\"url\":\"https:\\\/\\\/tanzosport.es\\\/?page_id=1275\",\"name\":\"Pol\u00edtica d\u2019Enviaments i Recollida - Tanzo Sport\",\"isPartOf\":{\"@id\":\"https:\\\/\\\/tanzosport.es\\\/#website\"},\"datePublished\":\"2026-03-03T09:27:13+00:00\",\"dateModified\":\"2026-03-19T15:26:20+00:00\",\"breadcrumb\":{\"@id\":\"https:\\\/\\\/tanzosport.es\\\/?page_id=1275#breadcrumb\"},\"inLanguage\":\"es\",\"potentialAction\":[{\"@type\":\"ReadAction\",\"target\":[\"https:\\\/\\\/tanzosport.es\\\/?page_id=1275\"]}]},{\"@type\":\"BreadcrumbList\",\"@id\":\"https:\\\/\\\/tanzosport.es\\\/?page_id=1275#breadcrumb\",\"itemListElement\":[{\"@type\":\"ListItem\",\"position\":1,\"name\":\"Portada\",\"item\":\"https:\\\/\\\/tanzosport.es\\\/\"},{\"@type\":\"ListItem\",\"position\":2,\"name\":\"Pol\u00edtica d\u2019Enviaments i Recollida\"}]},{\"@type\":\"WebSite\",\"@id\":\"https:\\\/\\\/tanzosport.es\\\/#website\",\"url\":\"https:\\\/\\\/tanzosport.es\\\/\",\"name\":\"Tanzo Sport\",\"description\":\"By Young For Young\",\"publisher\":{\"@id\":\"https:\\\/\\\/tanzosport.es\\\/#organization\"},\"potentialAction\":[{\"@type\":\"SearchAction\",\"target\":{\"@type\":\"EntryPoint\",\"urlTemplate\":\"https:\\\/\\\/tanzosport.es\\\/?s={search_term_string}\"},\"query-input\":{\"@type\":\"PropertyValueSpecification\",\"valueRequired\":true,\"valueName\":\"search_term_string\"}}],\"inLanguage\":\"es\"},{\"@type\":\"Organization\",\"@id\":\"https:\\\/\\\/tanzosport.es\\\/#organization\",\"name\":\"Tanzo Sport\",\"url\":\"https:\\\/\\\/tanzosport.es\\\/\",\"logo\":{\"@type\":\"ImageObject\",\"inLanguage\":\"es\",\"@id\":\"https:\\\/\\\/tanzosport.es\\\/#\\\/schema\\\/logo\\\/image\\\/\",\"url\":\"https:\\\/\\\/www.tanzosport.es\\\/wp-content\\\/uploads\\\/2026\\\/01\\\/logo-sport-edited.png\",\"contentUrl\":\"https:\\\/\\\/www.tanzosport.es\\\/wp-content\\\/uploads\\\/2026\\\/01\\\/logo-sport-edited.png\",\"width\":648,\"height\":365,\"caption\":\"Tanzo Sport\"},\"image\":{\"@id\":\"https:\\\/\\\/tanzosport.es\\\/#\\\/schema\\\/logo\\\/image\\\/\"}}]}<\/script>\n<!-- \/ Yoast SEO plugin. -->","yoast_head_json":{"title":"Pol\u00edtica d\u2019Enviaments i Recollida - Tanzo Sport","robots":{"index":"index","follow":"follow","max-snippet":"max-snippet:-1","max-image-preview":"max-image-preview:large","max-video-preview":"max-video-preview:-1"},"canonical":"https:\/\/tanzosport.es\/?page_id=1275","og_locale":"es_ES","og_type":"article","og_title":"Pol\u00edtica d\u2019Enviaments i Recollida - Tanzo Sport","og_description":"Pol\u00edtica de Env\u00edos y Recogida Disponibilidad del producto:Nuestros productos s\u00f3lo pueden adquirirse a trav\u00e9s de nuestros puntos de recogida locales. No ofrecemos env\u00edos a domicilio, asegurando as\u00ed una experiencia m\u00e1s \u00e1gil y segura para el cliente. \ud83d\udccdComo funciona la recogida: \ud83d\uded2Terminos de entrega Tendr\u00e1s que acordar un d\u00eda y una hora con el personal, para [&hellip;]","og_url":"https:\/\/tanzosport.es\/?page_id=1275","og_site_name":"Tanzo Sport","article_modified_time":"2026-03-19T15:26:20+00:00","twitter_card":"summary_large_image","twitter_misc":{"Tiempo de lectura":"1 minuto"},"schema":{"@context":"https:\/\/schema.org","@graph":[{"@type":"WebPage","@id":"https:\/\/tanzosport.es\/?page_id=1275","url":"https:\/\/tanzosport.es\/?page_id=1275","name":"Pol\u00edtica d\u2019Enviaments i Recollida - Tanzo Sport","isPartOf":{"@id":"https:\/\/tanzosport.es\/#website"},"datePublished":"2026-03-03T09:27:13+00:00","dateModified":"2026-03-19T15:26:20+00:00","breadcrumb":{"@id":"https:\/\/tanzosport.es\/?page_id=1275#breadcrumb"},"inLanguage":"es","potentialAction":[{"@type":"ReadAction","target":["https:\/\/tanzosport.es\/?page_id=1275"]}]},{"@type":"BreadcrumbList","@id":"https:\/\/tanzosport.es\/?page_id=1275#breadcrumb","itemListElement":[{"@type":"ListItem","position":1,"name":"Portada","item":"https:\/\/tanzosport.es\/"},{"@type":"ListItem","position":2,"name":"Pol\u00edtica d\u2019Enviaments i Recollida"}]},{"@type":"WebSite","@id":"https:\/\/tanzosport.es\/#website","url":"https:\/\/tanzosport.es\/","name":"Tanzo Sport","description":"By Young For Young","publisher":{"@id":"https:\/\/tanzosport.es\/#organization"},"potentialAction":[{"@type":"SearchAction","target":{"@type":"EntryPoint","urlTemplate":"https:\/\/tanzosport.es\/?s={search_term_string}"},"query-input":{"@type":"PropertyValueSpecification","valueRequired":true,"valueName":"search_term_string"}}],"inLanguage":"es"},{"@type":"Organization","@id":"https:\/\/tanzosport.es\/#organization","name":"Tanzo Sport","url":"https:\/\/tanzosport.es\/","logo":{"@type":"ImageObject","inLanguage":"es","@id":"https:\/\/tanzosport.es\/#\/schema\/logo\/image\/","url":"https:\/\/www.tanzosport.es\/wp-content\/uploads\/2026\/01\/logo-sport-edited.png","contentUrl":"https:\/\/www.tanzosport.es\/wp-content\/uploads\/2026\/01\/logo-sport-edited.png","width":648,"height":365,"caption":"Tanzo Sport"},"image":{"@id":"https:\/\/tanzosport.es\/#\/schema\/logo\/image\/"}}]}},"_links":{"self":[{"href":"https:\/\/www.tanzosport.es\/index.php?rest_route=\/wp\/v2\/pages\/1275","targetHints":{"allow":["GET"]}}],"collection":[{"href":"https:\/\/www.tanzosport.es\/index.php?rest_route=\/wp\/v2\/pages"}],"about":[{"href":"https:\/\/www.tanzosport.es\/index.php?rest_route=\/wp\/v2\/types\/page"}],"author":[{"embeddable":true,"href":"https:\/\/www.tanzosport.es\/index.php?rest_route=\/wp\/v2\/users\/1"}],"replies":[{"embeddable":true,"href":"https:\/\/www.tanzosport.es\/index.php?rest_route=%2Fwp%2Fv2%2Fcomments&post=1275"}],"version-history":[{"count":6,"href":"https:\/\/www.tanzosport.es\/index.php?rest_route=\/wp\/v2\/pages\/1275\/revisions"}],"predecessor-version":[{"id":2341,"href":"https:\/\/www.tanzosport.es\/index.php?rest_route=\/wp\/v2\/pages\/1275\/revisions\/2341"}],"wp:attachment":[{"href":"https:\/\/www.tanzosport.es\/index.php?rest_route=%2Fwp%2Fv2%2Fmedia&parent=1275"}],"curies":[{"name":"wp","href":"https:\/\/api.w.org\/{rel}","templated":true}]}}