{"id":1256,"date":"2026-03-03T09:58:20","date_gmt":"2026-03-03T08:58:20","guid":{"rendered":"https:\/\/tanzosport.es\/?page_id=1256"},"modified":"2026-03-19T17:14:13","modified_gmt":"2026-03-19T16:14:13","slug":"devolucions","status":"publish","type":"page","link":"https:\/\/www.tanzosport.es\/?page_id=1256","title":{"rendered":"Devolucions"},"content":{"rendered":"\t\t<div data-elementor-type=\"wp-page\" data-elementor-id=\"1256\" class=\"elementor elementor-1256\">\n\t\t\t\t<div class=\"elementor-element elementor-element-95742b1 e-flex e-con-boxed e-con e-parent\" data-id=\"95742b1\" data-element_type=\"container\" data-e-type=\"container\">\n\t\t\t\t\t<div class=\"e-con-inner\">\n\t\t\t\t<div class=\"elementor-element elementor-element-93ba5d1 elementor-widget elementor-widget-heading\" data-id=\"93ba5d1\" data-element_type=\"widget\" data-e-type=\"widget\" data-widget_type=\"heading.default\">\n\t\t\t\t\t<h2 class=\"elementor-heading-title elementor-size-default\">DEVOLUCIONES<\/h2>\t\t\t\t<\/div>\n\t\t\t\t\t<\/div>\n\t\t\t\t<\/div>\n\t\t<div class=\"elementor-element elementor-element-ac95ed2 e-flex e-con-boxed e-con e-parent\" data-id=\"ac95ed2\" data-element_type=\"container\" data-e-type=\"container\">\n\t\t\t\t\t<div class=\"e-con-inner\">\n\t\t\t\t<div class=\"elementor-element elementor-element-b4accf6 elementor-widget elementor-widget-spacer\" data-id=\"b4accf6\" data-element_type=\"widget\" data-e-type=\"widget\" data-widget_type=\"spacer.default\">\n\t\t\t\t\t\t\t<div class=\"elementor-spacer\">\n\t\t\t<div class=\"elementor-spacer-inner\"><\/div>\n\t\t<\/div>\n\t\t\t\t\t\t<\/div>\n\t\t\t\t<div class=\"elementor-element elementor-element-64d1d7e elementor-widget elementor-widget-heading\" data-id=\"64d1d7e\" data-element_type=\"widget\" data-e-type=\"widget\" data-widget_type=\"heading.default\">\n\t\t\t\t\t<h2 class=\"elementor-heading-title elementor-size-default\">\n<p class=\"has-small-font-size\">Tiene derecho a rescindir del presente contrato de compra en el plazo de <strong>30 d\u00edas sin motivo alguno.<\/strong><\/p>\n\n\n\n<p class=\"has-small-font-size\">El per\u00edodo de devoluci\u00f3n es de <strong>30 d\u00edas<\/strong> a partir del d\u00eda en que t\u00fa o un tercero designado por ti que no sea el transportista <strong>toma posesi\u00f3n de la mercanc\u00eda<\/strong>. El producto deber\u00e1 ser enviado a su <strong>embalaje original.<\/strong><\/p>\n\n\n\n<p class=\"has-small-font-size\">En el caso de un contrato para la entrega de mercanc\u00edas en varios env\u00edos o varias partes de un todo, el <strong>plazo de cancelaci\u00f3n es de un mes<\/strong> a partir del d\u00eda en que usted o un tercero designado por usted tome posesi\u00f3n del \u00faltimo env\u00edo parcial o de la \u00faltima parte.<\/p>\n\n\n\n<p class=\"has-small-font-size\">Para ejercer tu derecho de desistimiento, <strong>rellena por favor <a href=\"https:\/\/www.tanzosport.es\/?page_id=1267\" data-type=\"page\" data-id=\"1267\"><u>el formulario de devoluciones<\/u><\/a>.\u2b07\ufe0f<\/strong><\/p>\n\n\n\n<p class=\"has-small-font-size\">Una vez que la mercanc\u00eda haya sido recibida por nuestra parte, <strong>se comprobar\u00e1 su estado<\/strong> y se realizar\u00e1 <strong>el abono del precio pagado<\/strong> por la mercanc\u00eda. <\/p>\n\n\n\n<p class=\"has-small-font-size\">El cliente deber\u00e1 pagar por las <strong>p\u00e9rdidas de valor del producto<\/strong> que puedan haber sido causadas desde que el cliente lo recibi\u00f3 hasta que \u00e9ste fuera devuelto a TanzoSport<\/p>\n\n\n\n<p class=\"has-small-font-size\">Estos importes referentes a la p\u00e9rdida de valor del producto <strong>ser\u00e1n deducidos del importe<\/strong> <strong>devuelto<\/strong> al cliente por el precio pagado de los art\u00edculos devueltos.<\/p>\n<\/h2>\t\t\t\t<\/div>\n\t\t\t\t<div class=\"elementor-element elementor-element-9e6fc07 elementor-widget elementor-widget-spacer\" data-id=\"9e6fc07\" data-element_type=\"widget\" data-e-type=\"widget\" data-widget_type=\"spacer.default\">\n\t\t\t\t\t\t\t<div class=\"elementor-spacer\">\n\t\t\t<div class=\"elementor-spacer-inner\"><\/div>\n\t\t<\/div>\n\t\t\t\t\t\t<\/div>\n\t\t\t\t\t<\/div>\n\t\t\t\t<\/div>\n\t\t<div class=\"elementor-element elementor-element-af43e7b e-flex e-con-boxed e-con e-parent\" data-id=\"af43e7b\" data-element_type=\"container\" data-e-type=\"container\">\n\t\t\t\t\t<div class=\"e-con-inner\">\n\t\t\t\t<div class=\"elementor-element elementor-element-a66e29f elementor-align-center elementor-widget elementor-widget-button\" data-id=\"a66e29f\" data-element_type=\"widget\" data-e-type=\"widget\" data-widget_type=\"button.default\">\n\t\t\t\t\t\t\t\t\t\t<a class=\"elementor-button elementor-button-link elementor-size-sm elementor-animation-grow\" href=\"https:\/\/www.tanzosport.es\/?page_id=1267\">\n\t\t\t\t\t\t<span class=\"elementor-button-content-wrapper\">\n\t\t\t\t\t\t\t\t\t<span class=\"elementor-button-text\">FORMULARIO DEVOLUCIONES<\/span>\n\t\t\t\t\t<\/span>\n\t\t\t\t\t<\/a>\n\t\t\t\t\t\t\t\t<\/div>\n\t\t\t\t\t<\/div>\n\t\t\t\t<\/div>\n\t\t<div class=\"elementor-element elementor-element-2a06a74 e-flex e-con-boxed e-con e-parent\" data-id=\"2a06a74\" data-element_type=\"container\" data-e-type=\"container\">\n\t\t\t\t\t<div class=\"e-con-inner\">\n\t\t\t\t<div class=\"elementor-element elementor-element-c909173 elementor-widget elementor-widget-spacer\" data-id=\"c909173\" data-element_type=\"widget\" data-e-type=\"widget\" data-widget_type=\"spacer.default\">\n\t\t\t\t\t\t\t<div class=\"elementor-spacer\">\n\t\t\t<div class=\"elementor-spacer-inner\"><\/div>\n\t\t<\/div>\n\t\t\t\t\t\t<\/div>\n\t\t\t\t\t<\/div>\n\t\t\t\t<\/div>\n\t\t\t\t<\/div>\n\t\t","protected":false},"excerpt":{"rendered":"<p>DEVOLUCIONES Tiene derecho a rescindir del presente contrato de compra en el plazo de 30 d\u00edas sin motivo alguno. El per\u00edodo de devoluci\u00f3n es de 30 d\u00edas a partir del d\u00eda en que t\u00fa o un tercero designado por ti que no sea el transportista toma posesi\u00f3n de la mercanc\u00eda. El producto deber\u00e1 ser enviado [&hellip;]<\/p>\n","protected":false},"author":1,"featured_media":0,"parent":0,"menu_order":0,"comment_status":"closed","ping_status":"closed","template":"","meta":{"footnotes":""},"class_list":["post-1256","page","type-page","status-publish","hentry"],"yoast_head":"<!-- This site is optimized with the Yoast SEO plugin v27.4 - https:\/\/yoast.com\/product\/yoast-seo-wordpress\/ -->\n<title>Devolucions - Tanzo Sport<\/title>\n<meta name=\"robots\" content=\"index, follow, max-snippet:-1, max-image-preview:large, max-video-preview:-1\" \/>\n<link rel=\"canonical\" href=\"https:\/\/tanzosport.es\/?page_id=1256\" \/>\n<meta property=\"og:locale\" content=\"es_ES\" \/>\n<meta property=\"og:type\" content=\"article\" \/>\n<meta property=\"og:title\" content=\"Devolucions - Tanzo Sport\" \/>\n<meta property=\"og:description\" content=\"DEVOLUCIONES Tiene derecho a rescindir del presente contrato de compra en el plazo de 30 d\u00edas sin motivo alguno. El per\u00edodo de devoluci\u00f3n es de 30 d\u00edas a partir del d\u00eda en que t\u00fa o un tercero designado por ti que no sea el transportista toma posesi\u00f3n de la mercanc\u00eda. El producto deber\u00e1 ser enviado [&hellip;]\" \/>\n<meta property=\"og:url\" content=\"https:\/\/tanzosport.es\/?page_id=1256\" \/>\n<meta property=\"og:site_name\" content=\"Tanzo Sport\" \/>\n<meta property=\"article:modified_time\" content=\"2026-03-19T16:14:13+00:00\" \/>\n<meta name=\"twitter:card\" content=\"summary_large_image\" \/>\n<meta name=\"twitter:label1\" content=\"Tiempo de lectura\" \/>\n\t<meta name=\"twitter:data1\" content=\"1 minuto\" \/>\n<script type=\"application\/ld+json\" class=\"yoast-schema-graph\">{\"@context\":\"https:\\\/\\\/schema.org\",\"@graph\":[{\"@type\":\"WebPage\",\"@id\":\"https:\\\/\\\/tanzosport.es\\\/?page_id=1256\",\"url\":\"https:\\\/\\\/tanzosport.es\\\/?page_id=1256\",\"name\":\"Devolucions - Tanzo Sport\",\"isPartOf\":{\"@id\":\"https:\\\/\\\/tanzosport.es\\\/#website\"},\"datePublished\":\"2026-03-03T08:58:20+00:00\",\"dateModified\":\"2026-03-19T16:14:13+00:00\",\"breadcrumb\":{\"@id\":\"https:\\\/\\\/tanzosport.es\\\/?page_id=1256#breadcrumb\"},\"inLanguage\":\"es\",\"potentialAction\":[{\"@type\":\"ReadAction\",\"target\":[\"https:\\\/\\\/tanzosport.es\\\/?page_id=1256\"]}]},{\"@type\":\"BreadcrumbList\",\"@id\":\"https:\\\/\\\/tanzosport.es\\\/?page_id=1256#breadcrumb\",\"itemListElement\":[{\"@type\":\"ListItem\",\"position\":1,\"name\":\"Portada\",\"item\":\"https:\\\/\\\/tanzosport.es\\\/\"},{\"@type\":\"ListItem\",\"position\":2,\"name\":\"Devolucions\"}]},{\"@type\":\"WebSite\",\"@id\":\"https:\\\/\\\/tanzosport.es\\\/#website\",\"url\":\"https:\\\/\\\/tanzosport.es\\\/\",\"name\":\"Tanzo Sport\",\"description\":\"By Young For Young\",\"publisher\":{\"@id\":\"https:\\\/\\\/tanzosport.es\\\/#organization\"},\"potentialAction\":[{\"@type\":\"SearchAction\",\"target\":{\"@type\":\"EntryPoint\",\"urlTemplate\":\"https:\\\/\\\/tanzosport.es\\\/?s={search_term_string}\"},\"query-input\":{\"@type\":\"PropertyValueSpecification\",\"valueRequired\":true,\"valueName\":\"search_term_string\"}}],\"inLanguage\":\"es\"},{\"@type\":\"Organization\",\"@id\":\"https:\\\/\\\/tanzosport.es\\\/#organization\",\"name\":\"Tanzo Sport\",\"url\":\"https:\\\/\\\/tanzosport.es\\\/\",\"logo\":{\"@type\":\"ImageObject\",\"inLanguage\":\"es\",\"@id\":\"https:\\\/\\\/tanzosport.es\\\/#\\\/schema\\\/logo\\\/image\\\/\",\"url\":\"https:\\\/\\\/www.tanzosport.es\\\/wp-content\\\/uploads\\\/2026\\\/01\\\/logo-sport-edited.png\",\"contentUrl\":\"https:\\\/\\\/www.tanzosport.es\\\/wp-content\\\/uploads\\\/2026\\\/01\\\/logo-sport-edited.png\",\"width\":648,\"height\":365,\"caption\":\"Tanzo Sport\"},\"image\":{\"@id\":\"https:\\\/\\\/tanzosport.es\\\/#\\\/schema\\\/logo\\\/image\\\/\"}}]}<\/script>\n<!-- \/ Yoast SEO plugin. -->","yoast_head_json":{"title":"Devolucions - Tanzo Sport","robots":{"index":"index","follow":"follow","max-snippet":"max-snippet:-1","max-image-preview":"max-image-preview:large","max-video-preview":"max-video-preview:-1"},"canonical":"https:\/\/tanzosport.es\/?page_id=1256","og_locale":"es_ES","og_type":"article","og_title":"Devolucions - Tanzo Sport","og_description":"DEVOLUCIONES Tiene derecho a rescindir del presente contrato de compra en el plazo de 30 d\u00edas sin motivo alguno. El per\u00edodo de devoluci\u00f3n es de 30 d\u00edas a partir del d\u00eda en que t\u00fa o un tercero designado por ti que no sea el transportista toma posesi\u00f3n de la mercanc\u00eda. El producto deber\u00e1 ser enviado [&hellip;]","og_url":"https:\/\/tanzosport.es\/?page_id=1256","og_site_name":"Tanzo Sport","article_modified_time":"2026-03-19T16:14:13+00:00","twitter_card":"summary_large_image","twitter_misc":{"Tiempo de lectura":"1 minuto"},"schema":{"@context":"https:\/\/schema.org","@graph":[{"@type":"WebPage","@id":"https:\/\/tanzosport.es\/?page_id=1256","url":"https:\/\/tanzosport.es\/?page_id=1256","name":"Devolucions - Tanzo Sport","isPartOf":{"@id":"https:\/\/tanzosport.es\/#website"},"datePublished":"2026-03-03T08:58:20+00:00","dateModified":"2026-03-19T16:14:13+00:00","breadcrumb":{"@id":"https:\/\/tanzosport.es\/?page_id=1256#breadcrumb"},"inLanguage":"es","potentialAction":[{"@type":"ReadAction","target":["https:\/\/tanzosport.es\/?page_id=1256"]}]},{"@type":"BreadcrumbList","@id":"https:\/\/tanzosport.es\/?page_id=1256#breadcrumb","itemListElement":[{"@type":"ListItem","position":1,"name":"Portada","item":"https:\/\/tanzosport.es\/"},{"@type":"ListItem","position":2,"name":"Devolucions"}]},{"@type":"WebSite","@id":"https:\/\/tanzosport.es\/#website","url":"https:\/\/tanzosport.es\/","name":"Tanzo Sport","description":"By Young For Young","publisher":{"@id":"https:\/\/tanzosport.es\/#organization"},"potentialAction":[{"@type":"SearchAction","target":{"@type":"EntryPoint","urlTemplate":"https:\/\/tanzosport.es\/?s={search_term_string}"},"query-input":{"@type":"PropertyValueSpecification","valueRequired":true,"valueName":"search_term_string"}}],"inLanguage":"es"},{"@type":"Organization","@id":"https:\/\/tanzosport.es\/#organization","name":"Tanzo Sport","url":"https:\/\/tanzosport.es\/","logo":{"@type":"ImageObject","inLanguage":"es","@id":"https:\/\/tanzosport.es\/#\/schema\/logo\/image\/","url":"https:\/\/www.tanzosport.es\/wp-content\/uploads\/2026\/01\/logo-sport-edited.png","contentUrl":"https:\/\/www.tanzosport.es\/wp-content\/uploads\/2026\/01\/logo-sport-edited.png","width":648,"height":365,"caption":"Tanzo Sport"},"image":{"@id":"https:\/\/tanzosport.es\/#\/schema\/logo\/image\/"}}]}},"_links":{"self":[{"href":"https:\/\/www.tanzosport.es\/index.php?rest_route=\/wp\/v2\/pages\/1256","targetHints":{"allow":["GET"]}}],"collection":[{"href":"https:\/\/www.tanzosport.es\/index.php?rest_route=\/wp\/v2\/pages"}],"about":[{"href":"https:\/\/www.tanzosport.es\/index.php?rest_route=\/wp\/v2\/types\/page"}],"author":[{"embeddable":true,"href":"https:\/\/www.tanzosport.es\/index.php?rest_route=\/wp\/v2\/users\/1"}],"replies":[{"embeddable":true,"href":"https:\/\/www.tanzosport.es\/index.php?rest_route=%2Fwp%2Fv2%2Fcomments&post=1256"}],"version-history":[{"count":22,"href":"https:\/\/www.tanzosport.es\/index.php?rest_route=\/wp\/v2\/pages\/1256\/revisions"}],"predecessor-version":[{"id":2379,"href":"https:\/\/www.tanzosport.es\/index.php?rest_route=\/wp\/v2\/pages\/1256\/revisions\/2379"}],"wp:attachment":[{"href":"https:\/\/www.tanzosport.es\/index.php?rest_route=%2Fwp%2Fv2%2Fmedia&parent=1256"}],"curies":[{"name":"wp","href":"https:\/\/api.w.org\/{rel}","templated":true}]}}