{"id":1248,"date":"2026-03-03T09:42:47","date_gmt":"2026-03-03T08:42:47","guid":{"rendered":"https:\/\/tanzosport.es\/?page_id=1248"},"modified":"2026-03-19T16:17:16","modified_gmt":"2026-03-19T15:17:16","slug":"metodes-de-pagament","status":"publish","type":"page","link":"https:\/\/www.tanzosport.es\/?page_id=1248","title":{"rendered":"M\u00e8todes de pagament"},"content":{"rendered":"\t\t<div data-elementor-type=\"wp-page\" data-elementor-id=\"1248\" class=\"elementor elementor-1248\">\n\t\t\t\t<div class=\"elementor-element elementor-element-3485d586 e-flex e-con-boxed e-con e-parent\" data-id=\"3485d586\" data-element_type=\"container\" data-e-type=\"container\">\n\t\t\t\t\t<div class=\"e-con-inner\">\n\t\t\t\t<div class=\"elementor-element elementor-element-2be12d8 elementor-widget elementor-widget-heading\" data-id=\"2be12d8\" data-element_type=\"widget\" data-e-type=\"widget\" data-widget_type=\"heading.default\">\n\t\t\t\t\t<p class=\"elementor-heading-title elementor-size-default\">M\u00e9todos de pago<\/p>\t\t\t\t<\/div>\n\t\t\t\t<div class=\"elementor-element elementor-element-7984551a elementor-widget elementor-widget-text-editor\" data-id=\"7984551a\" data-element_type=\"widget\" data-e-type=\"widget\" data-widget_type=\"text-editor.default\">\n\t\t\t\t\t\t\t\t\t<p style=\"text-align: left;\"><strong>Disponemos de una amplia seleccion de m\u00e9todos de pago<\/strong><\/p>\n<p>Tarjeta de cr\u00e9dito<br \/>Contrareembolso<br \/>Transferencia bancaria directa<br \/>Stripe<br \/>Apple Pay<\/p>\n<p>\u00a0<\/p>\n<hr \/>\n<p><strong>\ud83d\udcb3Tarjeta de cr\u00e9dito<\/strong><\/p>\n<p>Ofrecemos funciones de seguridad que garantizan un proceso de pago libre de riesgos.<br \/>S\u00f3lo tienes que introducir los datos de su tarjeta de cr\u00e9dito y empezar a comprar.<\/p>\n<hr \/>\n<p><strong>\ud83e\udd1dContrareembolso<\/strong><\/p>\n<p>El pago contrareembolso le permite abonar su pedido en el momento de recibirlo, directamente al transportista.<\/p>\n<hr \/>\n<p><strong>\ud83c\udfe6Transferencia bancaria directa<\/strong><\/p>\n<p>La transferencia bancaria directa le permite realizar el pago de su pedido desde su entidad bancaria, de forma segura y sin intermediarios.<\/p>\n<hr \/>\n<p><strong>\ud83d\udd10Stripe<\/strong><\/p>\n<p>El pago con Stripe le permite abonar su pedido de forma r\u00e1pida, segura y totalmente cifrada mediante tarjeta bancaria.<\/p>\n<p>Stripe es una de las plataformas de pago m\u00e1s utilizadas a nivel internacional, ofreciendo altos est\u00e1ndares de seguridad y protecci\u00f3n de datos.<\/p>\n<hr \/>\n<p><strong>\ud83c\udf4eApple Pay<\/strong><\/p>\n<p>Apple Pay le permite realizar su compra de forma r\u00e1pida, segura y sin introducir manualmente los datos de su tarjeta.<\/p>\n<p>Con este m\u00e9todo, el pago se confirma directamente desde su dispositivo Apple mediante Face ID, Touch ID o c\u00f3digo de seguridad.<\/p>\n<p><!-- \/wp:spacer --><\/p>\t\t\t\t\t\t\t\t<\/div>\n\t\t\t\t\t<\/div>\n\t\t\t\t<\/div>\n\t\t<div class=\"elementor-element elementor-element-e6da0eb e-flex e-con-boxed e-con e-parent\" data-id=\"e6da0eb\" data-element_type=\"container\" data-e-type=\"container\">\n\t\t\t\t\t<div class=\"e-con-inner\">\n\t\t\t\t<div class=\"elementor-element elementor-element-f10099c elementor-widget elementor-widget-spacer\" data-id=\"f10099c\" data-element_type=\"widget\" data-e-type=\"widget\" data-widget_type=\"spacer.default\">\n\t\t\t\t\t\t\t<div class=\"elementor-spacer\">\n\t\t\t<div class=\"elementor-spacer-inner\"><\/div>\n\t\t<\/div>\n\t\t\t\t\t\t<\/div>\n\t\t\t\t\t<\/div>\n\t\t\t\t<\/div>\n\t\t\t\t<\/div>\n\t\t","protected":false},"excerpt":{"rendered":"<p>M\u00e9todos de pago Disponemos de una amplia seleccion de m\u00e9todos de pago Tarjeta de cr\u00e9ditoContrareembolsoTransferencia bancaria directaStripeApple Pay \u00a0 \ud83d\udcb3Tarjeta de cr\u00e9dito Ofrecemos funciones de seguridad que garantizan un proceso de pago libre de riesgos.S\u00f3lo tienes que introducir los datos de su tarjeta de cr\u00e9dito y empezar a comprar. \ud83e\udd1dContrareembolso El pago contrareembolso le permite [&hellip;]<\/p>\n","protected":false},"author":1,"featured_media":0,"parent":0,"menu_order":0,"comment_status":"closed","ping_status":"closed","template":"","meta":{"footnotes":""},"class_list":["post-1248","page","type-page","status-publish","hentry"],"yoast_head":"<!-- This site is optimized with the Yoast SEO plugin v27.4 - https:\/\/yoast.com\/product\/yoast-seo-wordpress\/ -->\n<title>M\u00e8todes de pagament - Tanzo Sport<\/title>\n<meta name=\"robots\" content=\"index, follow, max-snippet:-1, max-image-preview:large, max-video-preview:-1\" \/>\n<link rel=\"canonical\" href=\"https:\/\/tanzosport.es\/?page_id=1248\" \/>\n<meta property=\"og:locale\" content=\"es_ES\" \/>\n<meta property=\"og:type\" content=\"article\" \/>\n<meta property=\"og:title\" content=\"M\u00e8todes de pagament - Tanzo Sport\" \/>\n<meta property=\"og:description\" content=\"M\u00e9todos de pago Disponemos de una amplia seleccion de m\u00e9todos de pago Tarjeta de cr\u00e9ditoContrareembolsoTransferencia bancaria directaStripeApple Pay \u00a0 \ud83d\udcb3Tarjeta de cr\u00e9dito Ofrecemos funciones de seguridad que garantizan un proceso de pago libre de riesgos.S\u00f3lo tienes que introducir los datos de su tarjeta de cr\u00e9dito y empezar a comprar. \ud83e\udd1dContrareembolso El pago contrareembolso le permite [&hellip;]\" \/>\n<meta property=\"og:url\" content=\"https:\/\/tanzosport.es\/?page_id=1248\" \/>\n<meta property=\"og:site_name\" content=\"Tanzo Sport\" \/>\n<meta property=\"article:modified_time\" content=\"2026-03-19T15:17:16+00:00\" \/>\n<meta name=\"twitter:card\" content=\"summary_large_image\" \/>\n<meta name=\"twitter:label1\" content=\"Tiempo de lectura\" \/>\n\t<meta name=\"twitter:data1\" content=\"1 minuto\" \/>\n<script type=\"application\/ld+json\" class=\"yoast-schema-graph\">{\"@context\":\"https:\\\/\\\/schema.org\",\"@graph\":[{\"@type\":\"WebPage\",\"@id\":\"https:\\\/\\\/tanzosport.es\\\/?page_id=1248\",\"url\":\"https:\\\/\\\/tanzosport.es\\\/?page_id=1248\",\"name\":\"M\u00e8todes de pagament - Tanzo Sport\",\"isPartOf\":{\"@id\":\"https:\\\/\\\/tanzosport.es\\\/#website\"},\"datePublished\":\"2026-03-03T08:42:47+00:00\",\"dateModified\":\"2026-03-19T15:17:16+00:00\",\"breadcrumb\":{\"@id\":\"https:\\\/\\\/tanzosport.es\\\/?page_id=1248#breadcrumb\"},\"inLanguage\":\"es\",\"potentialAction\":[{\"@type\":\"ReadAction\",\"target\":[\"https:\\\/\\\/tanzosport.es\\\/?page_id=1248\"]}]},{\"@type\":\"BreadcrumbList\",\"@id\":\"https:\\\/\\\/tanzosport.es\\\/?page_id=1248#breadcrumb\",\"itemListElement\":[{\"@type\":\"ListItem\",\"position\":1,\"name\":\"Portada\",\"item\":\"https:\\\/\\\/tanzosport.es\\\/\"},{\"@type\":\"ListItem\",\"position\":2,\"name\":\"M\u00e8todes de pagament\"}]},{\"@type\":\"WebSite\",\"@id\":\"https:\\\/\\\/tanzosport.es\\\/#website\",\"url\":\"https:\\\/\\\/tanzosport.es\\\/\",\"name\":\"Tanzo Sport\",\"description\":\"By Young For Young\",\"publisher\":{\"@id\":\"https:\\\/\\\/tanzosport.es\\\/#organization\"},\"potentialAction\":[{\"@type\":\"SearchAction\",\"target\":{\"@type\":\"EntryPoint\",\"urlTemplate\":\"https:\\\/\\\/tanzosport.es\\\/?s={search_term_string}\"},\"query-input\":{\"@type\":\"PropertyValueSpecification\",\"valueRequired\":true,\"valueName\":\"search_term_string\"}}],\"inLanguage\":\"es\"},{\"@type\":\"Organization\",\"@id\":\"https:\\\/\\\/tanzosport.es\\\/#organization\",\"name\":\"Tanzo Sport\",\"url\":\"https:\\\/\\\/tanzosport.es\\\/\",\"logo\":{\"@type\":\"ImageObject\",\"inLanguage\":\"es\",\"@id\":\"https:\\\/\\\/tanzosport.es\\\/#\\\/schema\\\/logo\\\/image\\\/\",\"url\":\"https:\\\/\\\/www.tanzosport.es\\\/wp-content\\\/uploads\\\/2026\\\/01\\\/logo-sport-edited.png\",\"contentUrl\":\"https:\\\/\\\/www.tanzosport.es\\\/wp-content\\\/uploads\\\/2026\\\/01\\\/logo-sport-edited.png\",\"width\":648,\"height\":365,\"caption\":\"Tanzo Sport\"},\"image\":{\"@id\":\"https:\\\/\\\/tanzosport.es\\\/#\\\/schema\\\/logo\\\/image\\\/\"}}]}<\/script>\n<!-- \/ Yoast SEO plugin. -->","yoast_head_json":{"title":"M\u00e8todes de pagament - Tanzo Sport","robots":{"index":"index","follow":"follow","max-snippet":"max-snippet:-1","max-image-preview":"max-image-preview:large","max-video-preview":"max-video-preview:-1"},"canonical":"https:\/\/tanzosport.es\/?page_id=1248","og_locale":"es_ES","og_type":"article","og_title":"M\u00e8todes de pagament - Tanzo Sport","og_description":"M\u00e9todos de pago Disponemos de una amplia seleccion de m\u00e9todos de pago Tarjeta de cr\u00e9ditoContrareembolsoTransferencia bancaria directaStripeApple Pay \u00a0 \ud83d\udcb3Tarjeta de cr\u00e9dito Ofrecemos funciones de seguridad que garantizan un proceso de pago libre de riesgos.S\u00f3lo tienes que introducir los datos de su tarjeta de cr\u00e9dito y empezar a comprar. \ud83e\udd1dContrareembolso El pago contrareembolso le permite [&hellip;]","og_url":"https:\/\/tanzosport.es\/?page_id=1248","og_site_name":"Tanzo Sport","article_modified_time":"2026-03-19T15:17:16+00:00","twitter_card":"summary_large_image","twitter_misc":{"Tiempo de lectura":"1 minuto"},"schema":{"@context":"https:\/\/schema.org","@graph":[{"@type":"WebPage","@id":"https:\/\/tanzosport.es\/?page_id=1248","url":"https:\/\/tanzosport.es\/?page_id=1248","name":"M\u00e8todes de pagament - Tanzo Sport","isPartOf":{"@id":"https:\/\/tanzosport.es\/#website"},"datePublished":"2026-03-03T08:42:47+00:00","dateModified":"2026-03-19T15:17:16+00:00","breadcrumb":{"@id":"https:\/\/tanzosport.es\/?page_id=1248#breadcrumb"},"inLanguage":"es","potentialAction":[{"@type":"ReadAction","target":["https:\/\/tanzosport.es\/?page_id=1248"]}]},{"@type":"BreadcrumbList","@id":"https:\/\/tanzosport.es\/?page_id=1248#breadcrumb","itemListElement":[{"@type":"ListItem","position":1,"name":"Portada","item":"https:\/\/tanzosport.es\/"},{"@type":"ListItem","position":2,"name":"M\u00e8todes de pagament"}]},{"@type":"WebSite","@id":"https:\/\/tanzosport.es\/#website","url":"https:\/\/tanzosport.es\/","name":"Tanzo Sport","description":"By Young For Young","publisher":{"@id":"https:\/\/tanzosport.es\/#organization"},"potentialAction":[{"@type":"SearchAction","target":{"@type":"EntryPoint","urlTemplate":"https:\/\/tanzosport.es\/?s={search_term_string}"},"query-input":{"@type":"PropertyValueSpecification","valueRequired":true,"valueName":"search_term_string"}}],"inLanguage":"es"},{"@type":"Organization","@id":"https:\/\/tanzosport.es\/#organization","name":"Tanzo Sport","url":"https:\/\/tanzosport.es\/","logo":{"@type":"ImageObject","inLanguage":"es","@id":"https:\/\/tanzosport.es\/#\/schema\/logo\/image\/","url":"https:\/\/www.tanzosport.es\/wp-content\/uploads\/2026\/01\/logo-sport-edited.png","contentUrl":"https:\/\/www.tanzosport.es\/wp-content\/uploads\/2026\/01\/logo-sport-edited.png","width":648,"height":365,"caption":"Tanzo Sport"},"image":{"@id":"https:\/\/tanzosport.es\/#\/schema\/logo\/image\/"}}]}},"_links":{"self":[{"href":"https:\/\/www.tanzosport.es\/index.php?rest_route=\/wp\/v2\/pages\/1248","targetHints":{"allow":["GET"]}}],"collection":[{"href":"https:\/\/www.tanzosport.es\/index.php?rest_route=\/wp\/v2\/pages"}],"about":[{"href":"https:\/\/www.tanzosport.es\/index.php?rest_route=\/wp\/v2\/types\/page"}],"author":[{"embeddable":true,"href":"https:\/\/www.tanzosport.es\/index.php?rest_route=\/wp\/v2\/users\/1"}],"replies":[{"embeddable":true,"href":"https:\/\/www.tanzosport.es\/index.php?rest_route=%2Fwp%2Fv2%2Fcomments&post=1248"}],"version-history":[{"count":24,"href":"https:\/\/www.tanzosport.es\/index.php?rest_route=\/wp\/v2\/pages\/1248\/revisions"}],"predecessor-version":[{"id":2332,"href":"https:\/\/www.tanzosport.es\/index.php?rest_route=\/wp\/v2\/pages\/1248\/revisions\/2332"}],"wp:attachment":[{"href":"https:\/\/www.tanzosport.es\/index.php?rest_route=%2Fwp%2Fv2%2Fmedia&parent=1248"}],"curies":[{"name":"wp","href":"https:\/\/api.w.org\/{rel}","templated":true}]}}