{"id":1210,"date":"2026-02-25T11:26:43","date_gmt":"2026-02-25T10:26:43","guid":{"rendered":"https:\/\/tanzosport.es\/?page_id=1210"},"modified":"2026-03-19T15:07:08","modified_gmt":"2026-03-19T14:07:08","slug":"qui-som-2","status":"publish","type":"page","link":"https:\/\/www.tanzosport.es\/?page_id=1210","title":{"rendered":"Qu\u00ed s\u00f3m?"},"content":{"rendered":"\t\t<div data-elementor-type=\"wp-page\" data-elementor-id=\"1210\" class=\"elementor elementor-1210\">\n\t\t\t\t<div class=\"elementor-element elementor-element-c9d521b elementor-hidden-tablet elementor-hidden-mobile e-flex e-con-boxed e-con e-parent\" data-id=\"c9d521b\" data-element_type=\"container\" data-e-type=\"container\">\n\t\t\t\t\t<div class=\"e-con-inner\">\n\t\t\t\t<div class=\"elementor-element elementor-element-ac0c123 elementor-widget elementor-widget-heading\" data-id=\"ac0c123\" data-element_type=\"widget\" data-e-type=\"widget\" data-widget_type=\"heading.default\">\n\t\t\t\t\t<h2 class=\"elementor-heading-title elementor-size-default\">\u00bfQu\u00eden somos?<\/h2>\t\t\t\t<\/div>\n\t\t\t\t\t<\/div>\n\t\t\t\t<\/div>\n\t\t<div class=\"elementor-element elementor-element-68097c3 elementor-hidden-desktop e-flex e-con-boxed e-con e-parent\" data-id=\"68097c3\" data-element_type=\"container\" data-e-type=\"container\">\n\t\t\t\t\t<div class=\"e-con-inner\">\n\t\t\t\t<div class=\"elementor-element elementor-element-8b45bc2 elementor-widget elementor-widget-heading\" data-id=\"8b45bc2\" data-element_type=\"widget\" data-e-type=\"widget\" data-widget_type=\"heading.default\">\n\t\t\t\t\t<h2 class=\"elementor-heading-title elementor-size-default\">\u00bfQu\u00eden somos?<\/h2>\t\t\t\t<\/div>\n\t\t\t\t\t<\/div>\n\t\t\t\t<\/div>\n\t\t<div class=\"elementor-element elementor-element-2d76b07 elementor-hidden-tablet elementor-hidden-mobile e-flex e-con-boxed e-con e-parent\" data-id=\"2d76b07\" data-element_type=\"container\" data-e-type=\"container\">\n\t\t\t\t\t<div class=\"e-con-inner\">\n\t\t\t\t<div class=\"elementor-element elementor-element-6b32162 elementor-widget elementor-widget-spacer\" data-id=\"6b32162\" data-element_type=\"widget\" data-e-type=\"widget\" data-widget_type=\"spacer.default\">\n\t\t\t\t\t\t\t<div class=\"elementor-spacer\">\n\t\t\t<div class=\"elementor-spacer-inner\"><\/div>\n\t\t<\/div>\n\t\t\t\t\t\t<\/div>\n\t\t\t\t<div class=\"elementor-element elementor-element-dff8ef6 elementor-widget elementor-widget-heading\" data-id=\"dff8ef6\" data-element_type=\"widget\" data-e-type=\"widget\" data-widget_type=\"heading.default\">\n\t\t\t\t\t<h3 class=\"elementor-heading-title elementor-size-default\">Somos una asociaci\u00f3n sin \u00e1nimo de lucro, dedicada a la difusi\u00f3n de material deportivo y a facilitar material de calidad a j\u00f3venes deportistas que quieren superarse cada dia\n\n<br><br><br>\nCreemos firmemente que el progreso se construye con constancia, buenos materiales y confianza. Por eso, trabajamos con tres pilares fundamentales: la satisfacci\u00f3n de nuestros clientes, la excelencia en la calidad y un compromiso responsable con el entorno. Cada producto que ofrecemos est\u00e1 pensado para acompa\u00f1arlo en su evoluci\u00f3n f\u00edsica, desde los primeros levantamientos hasta los mayores retos.\n<br><br>\nGracias a esta visi\u00f3n y una gama s\u00f3lida y vers\u00e1til de pesos y accesorios, nuestra marca sigue creciendo, llevando la fuerza y \u200b\u200bdisciplina del entrenamiento a deportistas de todos los niveles.\n<br><br>\nBy Young For Young\n<br><br>\nFundada en Catalu\u00f1a<\/h3>\t\t\t\t<\/div>\n\t\t\t\t<div class=\"elementor-element elementor-element-681f68c elementor-widget elementor-widget-spacer\" data-id=\"681f68c\" data-element_type=\"widget\" data-e-type=\"widget\" data-widget_type=\"spacer.default\">\n\t\t\t\t\t\t\t<div class=\"elementor-spacer\">\n\t\t\t<div class=\"elementor-spacer-inner\"><\/div>\n\t\t<\/div>\n\t\t\t\t\t\t<\/div>\n\t\t\t\t\t<\/div>\n\t\t\t\t<\/div>\n\t\t<div class=\"elementor-element elementor-element-eabc453 elementor-hidden-desktop e-flex e-con-boxed e-con e-parent\" data-id=\"eabc453\" data-element_type=\"container\" data-e-type=\"container\">\n\t\t\t\t\t<div class=\"e-con-inner\">\n\t\t\t\t<div class=\"elementor-element elementor-element-86ee255 elementor-widget elementor-widget-spacer\" data-id=\"86ee255\" data-element_type=\"widget\" data-e-type=\"widget\" data-widget_type=\"spacer.default\">\n\t\t\t\t\t\t\t<div class=\"elementor-spacer\">\n\t\t\t<div class=\"elementor-spacer-inner\"><\/div>\n\t\t<\/div>\n\t\t\t\t\t\t<\/div>\n\t\t\t\t<div class=\"elementor-element elementor-element-ae5a5db elementor-widget elementor-widget-heading\" data-id=\"ae5a5db\" data-element_type=\"widget\" data-e-type=\"widget\" data-widget_type=\"heading.default\">\n\t\t\t\t\t<h3 class=\"elementor-heading-title elementor-size-default\">Somos una asociaci\u00f3n sin \u00e1nimo de lucro, dedicada a la difusi\u00f3n de material deportivo y a facilitar material de calidad a j\u00f3venes deportistas que quieren superarse cada dia\n\n<br><br><br>\nCreemos firmemente que el progreso se construye con constancia, buenos materiales y confianza. Por eso, trabajamos con tres pilares fundamentales: la satisfacci\u00f3n de nuestros clientes, la excelencia en la calidad y un compromiso responsable con el entorno. Cada producto que ofrecemos est\u00e1 pensado para acompa\u00f1arlo en su evoluci\u00f3n f\u00edsica, desde los primeros levantamientos hasta los mayores retos.\n<br><br>\nGracias a esta visi\u00f3n y una gama s\u00f3lida y vers\u00e1til de pesos y accesorios, nuestra marca sigue creciendo, llevando la fuerza y \u200b\u200bdisciplina del entrenamiento a deportistas de todos los niveles.\n<br><br>\nBy Young For Young\n<br><br>\nFundada en Catalu\u00f1a<\/h3>\t\t\t\t<\/div>\n\t\t\t\t<div class=\"elementor-element elementor-element-c8d87d3 elementor-widget elementor-widget-spacer\" data-id=\"c8d87d3\" data-element_type=\"widget\" data-e-type=\"widget\" data-widget_type=\"spacer.default\">\n\t\t\t\t\t\t\t<div class=\"elementor-spacer\">\n\t\t\t<div class=\"elementor-spacer-inner\"><\/div>\n\t\t<\/div>\n\t\t\t\t\t\t<\/div>\n\t\t\t\t\t<\/div>\n\t\t\t\t<\/div>\n\t\t<div class=\"elementor-element elementor-element-6b0d630 e-flex e-con-boxed e-con e-parent\" data-id=\"6b0d630\" data-element_type=\"container\" data-e-type=\"container\">\n\t\t\t\t\t<div class=\"e-con-inner\">\n\t\t<div class=\"elementor-element elementor-element-4db2078 e-con-full e-flex e-con e-child\" data-id=\"4db2078\" data-element_type=\"container\" data-e-type=\"container\">\n\t\t\t\t<div class=\"elementor-element elementor-element-a2b32ab elementor-widget elementor-widget-image\" data-id=\"a2b32ab\" data-element_type=\"widget\" data-e-type=\"widget\" data-widget_type=\"image.default\">\n\t\t\t\t\t\t\t\t\t\t\t\t\t\t\t<img fetchpriority=\"high\" decoding=\"async\" width=\"476\" height=\"314\" src=\"https:\/\/www.tanzosport.es\/wp-content\/uploads\/2026\/03\/icono_calatuna.jpg.jpg\" class=\"attachment-large size-large wp-image-2089\" alt=\"material de gimnasio en casa\" srcset=\"https:\/\/tanzosport.es\/wp-content\/uploads\/2026\/03\/icono_calatuna.jpg.jpg 476w, https:\/\/tanzosport.es\/wp-content\/uploads\/2026\/03\/icono_calatuna.jpg-300x198.jpg 300w\" sizes=\"(max-width: 476px) 100vw, 476px\" \/>\t\t\t\t\t\t\t\t\t\t\t\t\t\t\t<\/div>\n\t\t\t\t<\/div>\n\t\t<div class=\"elementor-element elementor-element-67fab0e e-con-full e-flex e-con e-child\" data-id=\"67fab0e\" data-element_type=\"container\" data-e-type=\"container\">\n\t\t\t\t<div class=\"elementor-element elementor-element-684fff3 elementor-widget elementor-widget-image\" data-id=\"684fff3\" data-element_type=\"widget\" data-e-type=\"widget\" data-widget_type=\"image.default\">\n\t\t\t\t\t\t\t\t\t\t\t\t\t\t\t<img decoding=\"async\" width=\"476\" height=\"314\" src=\"https:\/\/www.tanzosport.es\/wp-content\/uploads\/2026\/03\/Propiedad-calendaio.jpg\" class=\"attachment-large size-large wp-image-2080\" alt=\"material de gimnasio en casa\" srcset=\"https:\/\/tanzosport.es\/wp-content\/uploads\/2026\/03\/Propiedad-calendaio.jpg 476w, https:\/\/tanzosport.es\/wp-content\/uploads\/2026\/03\/Propiedad-calendaio-300x198.jpg 300w\" sizes=\"(max-width: 476px) 100vw, 476px\" \/>\t\t\t\t\t\t\t\t\t\t\t\t\t\t\t<\/div>\n\t\t\t\t<\/div>\n\t\t<div class=\"elementor-element elementor-element-eba44e5 e-con-full e-flex e-con e-child\" data-id=\"eba44e5\" data-element_type=\"container\" data-e-type=\"container\">\n\t\t\t\t<div class=\"elementor-element elementor-element-8437a4f elementor-widget elementor-widget-image\" data-id=\"8437a4f\" data-element_type=\"widget\" data-e-type=\"widget\" data-widget_type=\"image.default\">\n\t\t\t\t\t\t\t\t\t\t\t\t\t\t\t<img decoding=\"async\" width=\"476\" height=\"314\" src=\"https:\/\/www.tanzosport.es\/wp-content\/uploads\/2026\/03\/Propiedad-REMBOLSO.jpg\" class=\"attachment-large size-large wp-image-2081\" alt=\"\" srcset=\"https:\/\/tanzosport.es\/wp-content\/uploads\/2026\/03\/Propiedad-REMBOLSO.jpg 476w, https:\/\/tanzosport.es\/wp-content\/uploads\/2026\/03\/Propiedad-REMBOLSO-300x198.jpg 300w\" sizes=\"(max-width: 476px) 100vw, 476px\" \/>\t\t\t\t\t\t\t\t\t\t\t\t\t\t\t<\/div>\n\t\t\t\t<\/div>\n\t\t<div class=\"elementor-element elementor-element-5004b85 e-con-full e-flex e-con e-child\" data-id=\"5004b85\" data-element_type=\"container\" data-e-type=\"container\">\n\t\t\t\t<div class=\"elementor-element elementor-element-032ac1d elementor-widget elementor-widget-image\" data-id=\"032ac1d\" data-element_type=\"widget\" data-e-type=\"widget\" data-widget_type=\"image.default\">\n\t\t\t\t\t\t\t\t\t\t\t\t\t\t\t<img loading=\"lazy\" decoding=\"async\" width=\"476\" height=\"314\" src=\"https:\/\/www.tanzosport.es\/wp-content\/uploads\/2026\/03\/Propiedad-CELEBRO.jpg\" class=\"attachment-large size-large wp-image-2083\" alt=\"\" srcset=\"https:\/\/tanzosport.es\/wp-content\/uploads\/2026\/03\/Propiedad-CELEBRO.jpg 476w, https:\/\/tanzosport.es\/wp-content\/uploads\/2026\/03\/Propiedad-CELEBRO-300x198.jpg 300w\" sizes=\"(max-width: 476px) 100vw, 476px\" \/>\t\t\t\t\t\t\t\t\t\t\t\t\t\t\t<\/div>\n\t\t\t\t<\/div>\n\t\t\t\t\t<\/div>\n\t\t\t\t<\/div>\n\t\t<div class=\"elementor-element elementor-element-2eec09c e-flex e-con-boxed e-con e-parent\" data-id=\"2eec09c\" data-element_type=\"container\" data-e-type=\"container\">\n\t\t\t\t\t<div class=\"e-con-inner\">\n\t\t\t\t<div class=\"elementor-element elementor-element-29bfe7c elementor-widget elementor-widget-spacer\" data-id=\"29bfe7c\" data-element_type=\"widget\" data-e-type=\"widget\" data-widget_type=\"spacer.default\">\n\t\t\t\t\t\t\t<div class=\"elementor-spacer\">\n\t\t\t<div class=\"elementor-spacer-inner\"><\/div>\n\t\t<\/div>\n\t\t\t\t\t\t<\/div>\n\t\t\t\t\t<\/div>\n\t\t\t\t<\/div>\n\t\t<div class=\"elementor-element elementor-element-884f22b e-flex e-con-boxed e-con e-parent\" data-id=\"884f22b\" data-element_type=\"container\" data-e-type=\"container\">\n\t\t\t\t\t<div class=\"e-con-inner\">\n\t\t\t\t<div class=\"elementor-element elementor-element-7277ec4 elementor-widget elementor-widget-spacer\" data-id=\"7277ec4\" data-element_type=\"widget\" data-e-type=\"widget\" data-widget_type=\"spacer.default\">\n\t\t\t\t\t\t\t<div class=\"elementor-spacer\">\n\t\t\t<div class=\"elementor-spacer-inner\"><\/div>\n\t\t<\/div>\n\t\t\t\t\t\t<\/div>\n\t\t\t\t\t<\/div>\n\t\t\t\t<\/div>\n\t\t\t\t<\/div>\n\t\t","protected":false},"excerpt":{"rendered":"<p>\u00bfQu\u00eden somos? \u00bfQu\u00eden somos? Somos una asociaci\u00f3n sin \u00e1nimo de lucro, dedicada a la difusi\u00f3n de material deportivo y a facilitar material de calidad a j\u00f3venes deportistas que quieren superarse cada dia Creemos firmemente que el progreso se construye con constancia, buenos materiales y confianza. Por eso, trabajamos con tres pilares fundamentales: la satisfacci\u00f3n de [&hellip;]<\/p>\n","protected":false},"author":1,"featured_media":0,"parent":0,"menu_order":0,"comment_status":"closed","ping_status":"closed","template":"","meta":{"footnotes":""},"class_list":["post-1210","page","type-page","status-publish","hentry"],"yoast_head":"<!-- This site is optimized with the Yoast SEO plugin v27.4 - https:\/\/yoast.com\/product\/yoast-seo-wordpress\/ -->\n<title>Qu\u00ed s\u00f3m? - Tanzo Sport<\/title>\n<meta name=\"robots\" content=\"index, follow, max-snippet:-1, max-image-preview:large, max-video-preview:-1\" \/>\n<link rel=\"canonical\" href=\"https:\/\/tanzosport.es\/?page_id=1210\" \/>\n<meta property=\"og:locale\" content=\"es_ES\" \/>\n<meta property=\"og:type\" content=\"article\" \/>\n<meta property=\"og:title\" content=\"Qu\u00ed s\u00f3m? - Tanzo Sport\" \/>\n<meta property=\"og:description\" content=\"\u00bfQu\u00eden somos? \u00bfQu\u00eden somos? Somos una asociaci\u00f3n sin \u00e1nimo de lucro, dedicada a la difusi\u00f3n de material deportivo y a facilitar material de calidad a j\u00f3venes deportistas que quieren superarse cada dia Creemos firmemente que el progreso se construye con constancia, buenos materiales y confianza. Por eso, trabajamos con tres pilares fundamentales: la satisfacci\u00f3n de [&hellip;]\" \/>\n<meta property=\"og:url\" content=\"https:\/\/tanzosport.es\/?page_id=1210\" \/>\n<meta property=\"og:site_name\" content=\"Tanzo Sport\" \/>\n<meta property=\"article:modified_time\" content=\"2026-03-19T14:07:08+00:00\" \/>\n<meta property=\"og:image\" content=\"https:\/\/www.tanzosport.es\/wp-content\/uploads\/2026\/03\/icono_calatuna.jpg.jpg\" \/>\n\t<meta property=\"og:image:width\" content=\"476\" \/>\n\t<meta property=\"og:image:height\" content=\"314\" \/>\n\t<meta property=\"og:image:type\" content=\"image\/jpeg\" \/>\n<meta name=\"twitter:card\" content=\"summary_large_image\" \/>\n<meta name=\"twitter:label1\" content=\"Tiempo de lectura\" \/>\n\t<meta name=\"twitter:data1\" content=\"1 minuto\" \/>\n<script type=\"application\/ld+json\" class=\"yoast-schema-graph\">{\"@context\":\"https:\\\/\\\/schema.org\",\"@graph\":[{\"@type\":\"WebPage\",\"@id\":\"https:\\\/\\\/tanzosport.es\\\/?page_id=1210\",\"url\":\"https:\\\/\\\/tanzosport.es\\\/?page_id=1210\",\"name\":\"Qu\u00ed s\u00f3m? - Tanzo Sport\",\"isPartOf\":{\"@id\":\"https:\\\/\\\/tanzosport.es\\\/#website\"},\"primaryImageOfPage\":{\"@id\":\"https:\\\/\\\/tanzosport.es\\\/?page_id=1210#primaryimage\"},\"image\":{\"@id\":\"https:\\\/\\\/tanzosport.es\\\/?page_id=1210#primaryimage\"},\"thumbnailUrl\":\"https:\\\/\\\/tanzosport.es\\\/wp-content\\\/uploads\\\/2026\\\/03\\\/icono_calatuna.jpg.jpg\",\"datePublished\":\"2026-02-25T10:26:43+00:00\",\"dateModified\":\"2026-03-19T14:07:08+00:00\",\"breadcrumb\":{\"@id\":\"https:\\\/\\\/tanzosport.es\\\/?page_id=1210#breadcrumb\"},\"inLanguage\":\"es\",\"potentialAction\":[{\"@type\":\"ReadAction\",\"target\":[\"https:\\\/\\\/tanzosport.es\\\/?page_id=1210\"]}]},{\"@type\":\"ImageObject\",\"inLanguage\":\"es\",\"@id\":\"https:\\\/\\\/tanzosport.es\\\/?page_id=1210#primaryimage\",\"url\":\"https:\\\/\\\/tanzosport.es\\\/wp-content\\\/uploads\\\/2026\\\/03\\\/icono_calatuna.jpg.jpg\",\"contentUrl\":\"https:\\\/\\\/tanzosport.es\\\/wp-content\\\/uploads\\\/2026\\\/03\\\/icono_calatuna.jpg.jpg\"},{\"@type\":\"BreadcrumbList\",\"@id\":\"https:\\\/\\\/tanzosport.es\\\/?page_id=1210#breadcrumb\",\"itemListElement\":[{\"@type\":\"ListItem\",\"position\":1,\"name\":\"Portada\",\"item\":\"https:\\\/\\\/tanzosport.es\\\/\"},{\"@type\":\"ListItem\",\"position\":2,\"name\":\"Qu\u00ed s\u00f3m?\"}]},{\"@type\":\"WebSite\",\"@id\":\"https:\\\/\\\/tanzosport.es\\\/#website\",\"url\":\"https:\\\/\\\/tanzosport.es\\\/\",\"name\":\"Tanzo Sport\",\"description\":\"By Young For Young\",\"publisher\":{\"@id\":\"https:\\\/\\\/tanzosport.es\\\/#organization\"},\"potentialAction\":[{\"@type\":\"SearchAction\",\"target\":{\"@type\":\"EntryPoint\",\"urlTemplate\":\"https:\\\/\\\/tanzosport.es\\\/?s={search_term_string}\"},\"query-input\":{\"@type\":\"PropertyValueSpecification\",\"valueRequired\":true,\"valueName\":\"search_term_string\"}}],\"inLanguage\":\"es\"},{\"@type\":\"Organization\",\"@id\":\"https:\\\/\\\/tanzosport.es\\\/#organization\",\"name\":\"Tanzo Sport\",\"url\":\"https:\\\/\\\/tanzosport.es\\\/\",\"logo\":{\"@type\":\"ImageObject\",\"inLanguage\":\"es\",\"@id\":\"https:\\\/\\\/tanzosport.es\\\/#\\\/schema\\\/logo\\\/image\\\/\",\"url\":\"https:\\\/\\\/www.tanzosport.es\\\/wp-content\\\/uploads\\\/2026\\\/01\\\/logo-sport-edited.png\",\"contentUrl\":\"https:\\\/\\\/www.tanzosport.es\\\/wp-content\\\/uploads\\\/2026\\\/01\\\/logo-sport-edited.png\",\"width\":648,\"height\":365,\"caption\":\"Tanzo Sport\"},\"image\":{\"@id\":\"https:\\\/\\\/tanzosport.es\\\/#\\\/schema\\\/logo\\\/image\\\/\"}}]}<\/script>\n<!-- \/ Yoast SEO plugin. -->","yoast_head_json":{"title":"Qu\u00ed s\u00f3m? - Tanzo Sport","robots":{"index":"index","follow":"follow","max-snippet":"max-snippet:-1","max-image-preview":"max-image-preview:large","max-video-preview":"max-video-preview:-1"},"canonical":"https:\/\/tanzosport.es\/?page_id=1210","og_locale":"es_ES","og_type":"article","og_title":"Qu\u00ed s\u00f3m? - Tanzo Sport","og_description":"\u00bfQu\u00eden somos? \u00bfQu\u00eden somos? Somos una asociaci\u00f3n sin \u00e1nimo de lucro, dedicada a la difusi\u00f3n de material deportivo y a facilitar material de calidad a j\u00f3venes deportistas que quieren superarse cada dia Creemos firmemente que el progreso se construye con constancia, buenos materiales y confianza. Por eso, trabajamos con tres pilares fundamentales: la satisfacci\u00f3n de [&hellip;]","og_url":"https:\/\/tanzosport.es\/?page_id=1210","og_site_name":"Tanzo Sport","article_modified_time":"2026-03-19T14:07:08+00:00","og_image":[{"width":476,"height":314,"url":"https:\/\/www.tanzosport.es\/wp-content\/uploads\/2026\/03\/icono_calatuna.jpg.jpg","type":"image\/jpeg"}],"twitter_card":"summary_large_image","twitter_misc":{"Tiempo de lectura":"1 minuto"},"schema":{"@context":"https:\/\/schema.org","@graph":[{"@type":"WebPage","@id":"https:\/\/tanzosport.es\/?page_id=1210","url":"https:\/\/tanzosport.es\/?page_id=1210","name":"Qu\u00ed s\u00f3m? - Tanzo Sport","isPartOf":{"@id":"https:\/\/tanzosport.es\/#website"},"primaryImageOfPage":{"@id":"https:\/\/tanzosport.es\/?page_id=1210#primaryimage"},"image":{"@id":"https:\/\/tanzosport.es\/?page_id=1210#primaryimage"},"thumbnailUrl":"https:\/\/tanzosport.es\/wp-content\/uploads\/2026\/03\/icono_calatuna.jpg.jpg","datePublished":"2026-02-25T10:26:43+00:00","dateModified":"2026-03-19T14:07:08+00:00","breadcrumb":{"@id":"https:\/\/tanzosport.es\/?page_id=1210#breadcrumb"},"inLanguage":"es","potentialAction":[{"@type":"ReadAction","target":["https:\/\/tanzosport.es\/?page_id=1210"]}]},{"@type":"ImageObject","inLanguage":"es","@id":"https:\/\/tanzosport.es\/?page_id=1210#primaryimage","url":"https:\/\/tanzosport.es\/wp-content\/uploads\/2026\/03\/icono_calatuna.jpg.jpg","contentUrl":"https:\/\/tanzosport.es\/wp-content\/uploads\/2026\/03\/icono_calatuna.jpg.jpg"},{"@type":"BreadcrumbList","@id":"https:\/\/tanzosport.es\/?page_id=1210#breadcrumb","itemListElement":[{"@type":"ListItem","position":1,"name":"Portada","item":"https:\/\/tanzosport.es\/"},{"@type":"ListItem","position":2,"name":"Qu\u00ed s\u00f3m?"}]},{"@type":"WebSite","@id":"https:\/\/tanzosport.es\/#website","url":"https:\/\/tanzosport.es\/","name":"Tanzo Sport","description":"By Young For Young","publisher":{"@id":"https:\/\/tanzosport.es\/#organization"},"potentialAction":[{"@type":"SearchAction","target":{"@type":"EntryPoint","urlTemplate":"https:\/\/tanzosport.es\/?s={search_term_string}"},"query-input":{"@type":"PropertyValueSpecification","valueRequired":true,"valueName":"search_term_string"}}],"inLanguage":"es"},{"@type":"Organization","@id":"https:\/\/tanzosport.es\/#organization","name":"Tanzo Sport","url":"https:\/\/tanzosport.es\/","logo":{"@type":"ImageObject","inLanguage":"es","@id":"https:\/\/tanzosport.es\/#\/schema\/logo\/image\/","url":"https:\/\/www.tanzosport.es\/wp-content\/uploads\/2026\/01\/logo-sport-edited.png","contentUrl":"https:\/\/www.tanzosport.es\/wp-content\/uploads\/2026\/01\/logo-sport-edited.png","width":648,"height":365,"caption":"Tanzo Sport"},"image":{"@id":"https:\/\/tanzosport.es\/#\/schema\/logo\/image\/"}}]}},"_links":{"self":[{"href":"https:\/\/www.tanzosport.es\/index.php?rest_route=\/wp\/v2\/pages\/1210","targetHints":{"allow":["GET"]}}],"collection":[{"href":"https:\/\/www.tanzosport.es\/index.php?rest_route=\/wp\/v2\/pages"}],"about":[{"href":"https:\/\/www.tanzosport.es\/index.php?rest_route=\/wp\/v2\/types\/page"}],"author":[{"embeddable":true,"href":"https:\/\/www.tanzosport.es\/index.php?rest_route=\/wp\/v2\/users\/1"}],"replies":[{"embeddable":true,"href":"https:\/\/www.tanzosport.es\/index.php?rest_route=%2Fwp%2Fv2%2Fcomments&post=1210"}],"version-history":[{"count":33,"href":"https:\/\/www.tanzosport.es\/index.php?rest_route=\/wp\/v2\/pages\/1210\/revisions"}],"predecessor-version":[{"id":2272,"href":"https:\/\/www.tanzosport.es\/index.php?rest_route=\/wp\/v2\/pages\/1210\/revisions\/2272"}],"wp:attachment":[{"href":"https:\/\/www.tanzosport.es\/index.php?rest_route=%2Fwp%2Fv2%2Fmedia&parent=1210"}],"curies":[{"name":"wp","href":"https:\/\/api.w.org\/{rel}","templated":true}]}}